{"id":107,"date":"2023-02-21T17:39:50","date_gmt":"2023-02-21T17:39:50","guid":{"rendered":"https:\/\/innovartpublicidadmx.com\/?page_id=107"},"modified":"2025-02-26T23:19:44","modified_gmt":"2025-02-26T23:19:44","slug":"servicios-profesionales","status":"publish","type":"page","link":"https:\/\/innovartpublicidad.mx\/index.php\/servicios-profesionales\/","title":{"rendered":"Servicios"},"content":{"rendered":"\n<blockquote class=\"wp-block-quote is-layout-flow wp-block-quote-is-layout-flow\">\n<p class=\"has-text-align-center\"><strong>Ponemos a tu disposici\u00f3n nuestro cat\u00e1logo de servicios<\/strong><\/p>\n<\/blockquote>\n\n\n\n<p class=\"has-text-align-center\"><strong><a href=\"https:\/\/innovartpublicidad.mx\/index.php\/gran-formato\/\" target=\"_blank\" rel=\"noopener\" title=\"\">Impresi\u00f3n Gran Formato<\/a><\/strong> <\/p>\n\n\n\n<p class=\"has-text-align-center\">Es aquella&nbsp;impresi\u00f3n de alta resoluci\u00f3n utilizada para transmitir y expresar im\u00e1genes y mensajes en grandes superficies. En estas impresiones, en lugar de imprimir hoja por hoja, se utilizan rollos de impresi\u00f3n que se alimentan gradualmente.<\/p>\n\n\n\n<p class=\"has-text-align-center\"><a href=\"https:\/\/innovartpublicidad.mx\/index.php\/alta-calidad\/\" target=\"_blank\" rel=\"noopener\" title=\"\"><strong>Impresi\u00f3n Alta calidad<\/strong><\/a><\/p>\n\n\n\n<p class=\"has-text-align-center\">Se realiza con plotters de inyecci\u00f3n de tinta con gotas tan peque\u00f1as que permiten que se formen im\u00e1genes de excelente calidad, las cuales aparentan ser fotograf\u00edas sobre diferentes materiales.<\/p>\n\n\n\n<p class=\"has-text-align-center\"><a href=\"https:\/\/innovartpublicidad.mx\/index.php\/impresion-digital\/\" target=\"_blank\" rel=\"noopener\" title=\"\">I<strong>mpresi\u00f3n digital<\/strong> <\/a> <\/p>\n\n\n\n<p class=\"has-text-align-center\">Es la impresi\u00f3n de materiales de papel u otros, que consiste en imprimir directamente de cartucho toner o l\u00e1ser, con este tipo de impresi\u00f3n tenemos la posibilidad de ofrecer desde tarjetas hasta carpetas membreteadas para nuestros clientes<\/p>\n\n\n\n<p class=\"has-text-align-center\"><strong><a href=\"https:\/\/innovartpublicidad.mx\/index.php\/vinil-impreso\/\" target=\"_blank\" rel=\"noopener\" title=\"Corte vinil\">Corte vinil<\/a><\/strong> <\/p>\n\n\n\n<p class=\"has-text-align-center\">Utilizado para realizar siluetas existe difieres tipos de viniles tanto en acabado como en colores.<\/p>\n\n\n\n<p class=\"has-text-align-center\"><strong><a href=\"https:\/\/innovartpublicidad.mx\/index.php\/lona-impresa\/\" target=\"_blank\" rel=\"noopener\" title=\"\">Anuncios luminosos<\/a><\/strong>, <\/p>\n\n\n\n<p class=\"has-text-align-center\">Para este tipo de anuncios los fabricamos en diferentes modelos Los cuales son 3d, 2d, cajas de luz, estos se fabrican de diferentes materiales adapt\u00e1ndonos siempre al gusto y necesidad de nuestros clientes, para esto es importante identificar el requerimiento y as\u00ed darle a nuestros clientes las mejores opciones a fabricar.<\/p>\n\n\n\n<p class=\"has-text-align-center\"><a href=\"https:\/\/innovartpublicidad.mx\/index.php\/herreria-publicitaria\/\" target=\"_blank\" rel=\"noopener\" title=\"\"><strong>Herrer\u00eda Publicitaria<\/strong><\/a><\/p>\n\n\n\n<p class=\"has-text-align-center\">Para este tipo de anuncios tenemos la fabricaci\u00f3n de vallas, bastidores, caballetes, estructuras etc. con este tipo de fabricaci\u00f3n de anuncios nos adaptamos a la necesidad y gusto de nuestros Clientes.<\/p>\n\n\n\n<p class=\"has-text-align-center\"><a href=\"https:\/\/innovartpublicidad.mx\/index.php\/bordado\/\" target=\"_blank\" rel=\"noopener\" title=\"\"><strong>Bordado<\/strong><\/a><\/p>\n\n\n\n<p class=\"has-text-align-center\">Realizamos bordado en diferentes prendas y productos textiles, uniformes, camisas, pantalones, mochilas as\u00ed como tmb realizamos parches especiales para nuestros clientes, bas\u00e1ndonos siempre en el logotipo que nuestro cliente requiere, recomendados diferentes tipos de bordado.<\/p>\n\n\n\n<p class=\"has-text-align-center\"><a href=\"https:\/\/innovartpublicidad.mx\/index.php\/serigrafia\/\" target=\"_blank\" rel=\"noopener\" title=\"\"><strong>Serigraf\u00eda<\/strong><\/a><\/p>\n\n\n\n<p class=\"has-text-align-center\"> La serigraf\u00eda es una de las t\u00e9cnicas de estampado m\u00e1s antigua que existe esta se puede realizar en diferentes prendas textiles y s\u00f3lidos para ello existen diferentes tipos de tintas que se adaptan a la superficie de cada producto.<\/p>\n\n\n\n<p class=\"has-text-align-center\"><a href=\"https:\/\/innovartpublicidad.mx\/index.php\/sublimacion\/\" target=\"_blank\" rel=\"noopener\" title=\"\"><strong>Sublimaci\u00f3n<\/strong><\/a><\/p>\n\n\n\n<p class=\"has-text-align-center\">Est\u00e1 es una t\u00e9cnica de impresi\u00f3n full color que puede ser aplicable s\u00f3lo en productos con superficie en poli\u00e9ster, mayormente estos productos son blancos lo que ayuda a dar con la tonalidad del dise\u00f1o, en casos donde no son blancos ser\u00eda e. Productos que tiene una laca de poli\u00e9ster transparente, por lo regular estos ya son productos prefabricados.<\/p>\n\n\n\n<hr class=\"wp-block-separator has-alpha-channel-opacity\"\/>\n\n\n\n<p class=\"has-text-align-center\"><strong><a href=\"https:\/\/innovartpublicidad.mx\/index.php\/cnc-router\/\" target=\"_blank\" rel=\"noopener\" title=\"\">Router CNC<\/a><\/strong><\/p>\n\n\n\n<p class=\"has-text-align-center\">Ofrecemos un servicio de corte y grabado con Router CNC de alta precisi\u00f3n, ideal para proyectos personalizados en <strong>materiales<\/strong> como <strong>madera, acr\u00edlico, MDF, PVC y aluminio compuesto<\/strong>. Contamos con tecnolog\u00eda avanzada que garantiza cortes limpios, grabados detallados y acabados profesionales, perfectos para<strong> letreros, logotipos, se\u00f1al\u00e9tica, mobiliario y m\u00e1s<\/strong>. <\/p>\n\n\n\n<p class=\"has-text-align-center\">Nos especializamos en producir piezas a medida, optimizando cada material para asegurar calidad y durabilidad en cada trabajo. Si buscas precisi\u00f3n y creatividad para tus proyectos, cont\u00e1ctanos y cotiza con nosotros.<\/p>\n\n\n\n<p class=\"has-text-align-center\"><strong><a href=\"https:\/\/innovartpublicidad.mx\/index.php\/cnc-plasma\/\" target=\"_blank\" rel=\"noopener\" title=\"\">Plamas CNC<\/a><\/strong><\/p>\n\n\n\n<p class=\"has-text-align-center\">Servicio de corte con <strong>Plasma CNC<\/strong> de<em> alta precisi\u00f3n<\/em>, ideal para trabajar materiales met\u00e1licos como acero al carbono, acero inoxidable y aluminio. Nuestra tecnolog\u00eda avanzada permite cortes limpios y detallados en piezas de diferentes espesores, garantizando acabados profesionales para estructuras met\u00e1licas, <strong>se\u00f1al\u00e9tica, piezas industriales y proyectos personalizados.<\/strong> <\/p>\n\n\n\n<p class=\"has-text-align-center\">Optimizamos cada material para lograr resistencia y durabilidad, brindando soluciones a medida para diversos sectores. Si buscas precisi\u00f3n y calidad en corte de metales, cont\u00e1ctanos y cotiza tu proyecto con nosotros.<\/p>\n\n\n\n<p class=\"has-text-align-center\"><strong><span class=\"highlight\">Nuestro equipo de taller suficientemente capacitado para atender tus necesidades<\/span><\/strong><\/p>\n\n\n\n<p><\/p>\n","protected":false},"excerpt":{"rendered":"<p>Ponemos a tu disposici\u00f3n nuestro cat\u00e1logo de servicios Impresi\u00f3n Gran Formato Es aquella&nbsp;impresi\u00f3n de alta resoluci\u00f3n utilizada para transmitir y expresar im\u00e1genes y mensajes en grandes superficies. En estas impresiones, en lugar de imprimir hoja por hoja, se utilizan rollos de impresi\u00f3n que se alimentan gradualmente. Impresi\u00f3n Alta calidad Se [&hellip;]<\/p>\n","protected":false},"author":1,"featured_media":1416,"parent":0,"menu_order":0,"comment_status":"closed","ping_status":"closed","template":"","meta":{"om_disable_all_campaigns":false,"_monsterinsights_skip_tracking":false,"_monsterinsights_sitenote_active":false,"_monsterinsights_sitenote_note":"","_monsterinsights_sitenote_category":0,"_themeisle_gutenberg_block_has_review":false,"_joinchat":[],"footnotes":""},"class_list":["post-107","page","type-page","status-publish","has-post-thumbnail","hentry"],"aioseo_notices":[],"featured_media_urls":{"thumbnail":["https:\/\/innovartpublicidad.mx\/wp-content\/uploads\/2025\/02\/ENCABEZADO-SERVICIOS-2-150x150.png",150,150,true],"medium":["https:\/\/innovartpublicidad.mx\/wp-content\/uploads\/2025\/02\/ENCABEZADO-SERVICIOS-2-300x300.png",300,300,true],"medium_large":["https:\/\/innovartpublicidad.mx\/wp-content\/uploads\/2025\/02\/ENCABEZADO-SERVICIOS-2-768x768.png",750,750,true],"large":["https:\/\/innovartpublicidad.mx\/wp-content\/uploads\/2025\/02\/ENCABEZADO-SERVICIOS-2-1024x813.png",750,595,true],"1536x1536":["https:\/\/innovartpublicidad.mx\/wp-content\/uploads\/2025\/02\/ENCABEZADO-SERVICIOS-2-1536x488.png",1536,488,true],"2048x2048":["https:\/\/innovartpublicidad.mx\/wp-content\/uploads\/2025\/02\/ENCABEZADO-SERVICIOS-2-2048x650.png",2048,650,true],"hestia-blog":["https:\/\/innovartpublicidad.mx\/wp-content\/uploads\/2025\/02\/ENCABEZADO-SERVICIOS-2-360x240.png",360,240,true],"portfolio_item-thumbnail":["https:\/\/innovartpublicidad.mx\/wp-content\/uploads\/2025\/02\/ENCABEZADO-SERVICIOS-2.png",600,191,false],"portfolio_item-thumbnail@2x":["https:\/\/innovartpublicidad.mx\/wp-content\/uploads\/2025\/02\/ENCABEZADO-SERVICIOS-2.png",1200,381,false],"portfolio_item-masonry":["https:\/\/innovartpublicidad.mx\/wp-content\/uploads\/2025\/02\/ENCABEZADO-SERVICIOS-2.png",600,191,false],"portfolio_item-masonry@2x":["https:\/\/innovartpublicidad.mx\/wp-content\/uploads\/2025\/02\/ENCABEZADO-SERVICIOS-2.png",1200,381,false],"portfolio_item-thumbnail_cinema":["https:\/\/innovartpublicidad.mx\/wp-content\/uploads\/2025\/02\/ENCABEZADO-SERVICIOS-2.png",800,254,false],"portfolio_item-thumbnail_portrait":["https:\/\/innovartpublicidad.mx\/wp-content\/uploads\/2025\/02\/ENCABEZADO-SERVICIOS-2.png",600,191,false],"portfolio_item-thumbnail_portrait@2x":["https:\/\/innovartpublicidad.mx\/wp-content\/uploads\/2025\/02\/ENCABEZADO-SERVICIOS-2.png",1200,381,false],"portfolio_item-thumbnail_square":["https:\/\/innovartpublicidad.mx\/wp-content\/uploads\/2025\/02\/ENCABEZADO-SERVICIOS-2.png",800,254,false]},"_links":{"self":[{"href":"https:\/\/innovartpublicidad.mx\/index.php\/wp-json\/wp\/v2\/pages\/107","targetHints":{"allow":["GET"]}}],"collection":[{"href":"https:\/\/innovartpublicidad.mx\/index.php\/wp-json\/wp\/v2\/pages"}],"about":[{"href":"https:\/\/innovartpublicidad.mx\/index.php\/wp-json\/wp\/v2\/types\/page"}],"author":[{"embeddable":true,"href":"https:\/\/innovartpublicidad.mx\/index.php\/wp-json\/wp\/v2\/users\/1"}],"replies":[{"embeddable":true,"href":"https:\/\/innovartpublicidad.mx\/index.php\/wp-json\/wp\/v2\/comments?post=107"}],"version-history":[{"count":29,"href":"https:\/\/innovartpublicidad.mx\/index.php\/wp-json\/wp\/v2\/pages\/107\/revisions"}],"predecessor-version":[{"id":1495,"href":"https:\/\/innovartpublicidad.mx\/index.php\/wp-json\/wp\/v2\/pages\/107\/revisions\/1495"}],"wp:featuredmedia":[{"embeddable":true,"href":"https:\/\/innovartpublicidad.mx\/index.php\/wp-json\/wp\/v2\/media\/1416"}],"wp:attachment":[{"href":"https:\/\/innovartpublicidad.mx\/index.php\/wp-json\/wp\/v2\/media?parent=107"}],"curies":[{"name":"wp","href":"https:\/\/api.w.org\/{rel}","templated":true}]}}