{"id":1419,"date":"2025-02-26T18:26:51","date_gmt":"2025-02-26T18:26:51","guid":{"rendered":"https:\/\/innovartpublicidad.mx\/?page_id=1419"},"modified":"2025-03-07T20:58:13","modified_gmt":"2025-03-07T20:58:13","slug":"cnc-router","status":"publish","type":"page","link":"https:\/\/innovartpublicidad.mx\/index.php\/cnc-router\/","title":{"rendered":"CNC Router"},"content":{"rendered":"\t\t<div data-elementor-type=\"wp-page\" data-elementor-id=\"1419\" class=\"elementor elementor-1419\">\n\t\t\t\t\t\t<section class=\"elementor-section elementor-top-section elementor-element elementor-element-49f57d59 elementor-section-content-middle elementor-section-boxed elementor-section-height-default elementor-section-height-default\" data-id=\"49f57d59\" data-element_type=\"section\" data-e-type=\"section\">\n\t\t\t\t\t\t<div class=\"elementor-container elementor-column-gap-no\">\n\t\t\t\t\t<div class=\"elementor-column elementor-col-50 elementor-top-column elementor-element elementor-element-625229a8\" data-id=\"625229a8\" data-element_type=\"column\" data-e-type=\"column\">\n\t\t\t<div class=\"elementor-widget-wrap elementor-element-populated\">\n\t\t\t\t\t\t<div class=\"elementor-element elementor-element-177699c4 elementor-widget elementor-widget-image\" data-id=\"177699c4\" data-element_type=\"widget\" data-e-type=\"widget\" data-widget_type=\"image.default\">\n\t\t\t\t<div class=\"elementor-widget-container\">\n\t\t\t\t\t\t\t\t\t\t\t\t\t\t\t<img fetchpriority=\"high\" decoding=\"async\" width=\"750\" height=\"521\" src=\"https:\/\/innovartpublicidad.mx\/wp-content\/uploads\/2025\/02\/ROUTER-CNC-768x533.jpg\" class=\"attachment-medium_large size-medium_large wp-image-1482\" alt=\"\" \/>\t\t\t\t\t\t\t\t\t\t\t\t\t\t\t<\/div>\n\t\t\t\t<\/div>\n\t\t\t\t\t<\/div>\n\t\t<\/div>\n\t\t\t\t<div class=\"elementor-column elementor-col-50 elementor-top-column elementor-element elementor-element-25bd9bba\" data-id=\"25bd9bba\" data-element_type=\"column\" data-e-type=\"column\">\n\t\t\t<div class=\"elementor-widget-wrap elementor-element-populated\">\n\t\t\t\t\t\t<div class=\"elementor-element elementor-element-1c4f438e elementor-widget elementor-widget-heading\" data-id=\"1c4f438e\" data-element_type=\"widget\" data-e-type=\"widget\" data-widget_type=\"heading.default\">\n\t\t\t\t<div class=\"elementor-widget-container\">\n\t\t\t\t\t<h4 class=\"elementor-heading-title elementor-size-default\">Sobre el Router CNC<\/h4>\t\t\t\t<\/div>\n\t\t\t\t<\/div>\n\t\t\t\t<div class=\"elementor-element elementor-element-440b8535 elementor-widget elementor-widget-text-editor\" data-id=\"440b8535\" data-element_type=\"widget\" data-e-type=\"widget\" data-widget_type=\"text-editor.default\">\n\t\t\t\t<div class=\"elementor-widget-container\">\n\t\t\t\t\t\t\t\t\t<p>El <strong data-start=\"53\" data-end=\"67\">Router CNC<\/strong> es una tecnolog\u00eda avanzada que permite cortar, grabar y modelar materiales con <strong data-start=\"147\" data-end=\"172\">precisi\u00f3n milim\u00e9trica<\/strong>. Gracias al <strong data-start=\"185\" data-end=\"227\">Control Num\u00e9rico por Computadora (CNC)<\/strong>, este sistema automatizado ejecuta dise\u00f1os complejos con rapidez y calidad profesional. Su versatilidad lo convierte en la mejor opci\u00f3n para trabajar con <strong data-start=\"382\" data-end=\"428\">madera, acr\u00edlico, MDF, PVC, aluminio y m\u00e1s<\/strong>, ideal para la industria, la publicidad y la decoraci\u00f3n.<\/p>\t\t\t\t\t\t\t\t<\/div>\n\t\t\t\t<\/div>\n\t\t\t\t\t<\/div>\n\t\t<\/div>\n\t\t\t\t\t<\/div>\n\t\t<\/section>\n\t\t\t\t<section class=\"elementor-section elementor-top-section elementor-element elementor-element-5fd07034 elementor-section-content-middle elementor-section-boxed elementor-section-height-default elementor-section-height-default\" data-id=\"5fd07034\" data-element_type=\"section\" data-e-type=\"section\" data-settings=\"{&quot;background_background&quot;:&quot;classic&quot;}\">\n\t\t\t\t\t\t<div class=\"elementor-container elementor-column-gap-no\">\n\t\t\t\t\t<div class=\"elementor-column elementor-col-100 elementor-top-column elementor-element elementor-element-621cd0f2\" data-id=\"621cd0f2\" data-element_type=\"column\" data-e-type=\"column\">\n\t\t\t<div class=\"elementor-widget-wrap elementor-element-populated\">\n\t\t\t\t\t\t<div class=\"elementor-element elementor-element-65161e0f elementor-widget elementor-widget-heading\" data-id=\"65161e0f\" data-element_type=\"widget\" data-e-type=\"widget\" data-widget_type=\"heading.default\">\n\t\t\t\t<div class=\"elementor-widget-container\">\n\t\t\t\t\t<h4 class=\"elementor-heading-title elementor-size-default\">\u00bfQue podemos hacer?<\/h4>\t\t\t\t<\/div>\n\t\t\t\t<\/div>\n\t\t\t\t<div class=\"elementor-element elementor-element-2dfa6983 elementor-widget elementor-widget-heading\" data-id=\"2dfa6983\" data-element_type=\"widget\" data-e-type=\"widget\" data-widget_type=\"heading.default\">\n\t\t\t\t<div class=\"elementor-widget-container\">\n\t\t\t\t\t<h5 class=\"elementor-heading-title elementor-size-default\">Productos y usos <\/h5>\t\t\t\t<\/div>\n\t\t\t\t<\/div>\n\t\t\t\t<section class=\"elementor-section elementor-inner-section elementor-element elementor-element-2cfd947d elementor-section-content-middle elementor-section-boxed elementor-section-height-default elementor-section-height-default\" data-id=\"2cfd947d\" data-element_type=\"section\" data-e-type=\"section\">\n\t\t\t\t\t\t<div class=\"elementor-container elementor-column-gap-no\">\n\t\t\t\t\t<div class=\"elementor-column elementor-col-25 elementor-inner-column elementor-element elementor-element-fe47e26\" data-id=\"fe47e26\" data-element_type=\"column\" data-e-type=\"column\">\n\t\t\t<div class=\"elementor-widget-wrap elementor-element-populated\">\n\t\t\t\t\t\t<div class=\"elementor-element elementor-element-6fa5dff7 elementor-widget elementor-widget-image\" data-id=\"6fa5dff7\" data-element_type=\"widget\" data-e-type=\"widget\" data-widget_type=\"image.default\">\n\t\t\t\t<div class=\"elementor-widget-container\">\n\t\t\t\t\t\t\t\t\t\t\t\t\t\t\t<img decoding=\"async\" width=\"750\" height=\"750\" src=\"https:\/\/innovartpublicidad.mx\/wp-content\/uploads\/2025\/03\/CAJA-DE-LUZ-BLANCO-1024x1024.png\" class=\"attachment-large size-large wp-image-1499\" alt=\"\" srcset=\"https:\/\/innovartpublicidad.mx\/wp-content\/uploads\/2025\/03\/CAJA-DE-LUZ-BLANCO-1024x1024.png 1024w, https:\/\/innovartpublicidad.mx\/wp-content\/uploads\/2025\/03\/CAJA-DE-LUZ-BLANCO-300x300.png 300w, https:\/\/innovartpublicidad.mx\/wp-content\/uploads\/2025\/03\/CAJA-DE-LUZ-BLANCO-150x150.png 150w, https:\/\/innovartpublicidad.mx\/wp-content\/uploads\/2025\/03\/CAJA-DE-LUZ-BLANCO-768x768.png 768w, https:\/\/innovartpublicidad.mx\/wp-content\/uploads\/2025\/03\/CAJA-DE-LUZ-BLANCO-1536x1536.png 1536w, https:\/\/innovartpublicidad.mx\/wp-content\/uploads\/2025\/03\/CAJA-DE-LUZ-BLANCO.png 1600w\" sizes=\"(max-width: 750px) 100vw, 750px\" \/>\t\t\t\t\t\t\t\t\t\t\t\t\t\t\t<\/div>\n\t\t\t\t<\/div>\n\t\t\t\t\t<\/div>\n\t\t<\/div>\n\t\t\t\t<div class=\"elementor-column elementor-col-25 elementor-inner-column elementor-element elementor-element-2d20bd8f\" data-id=\"2d20bd8f\" data-element_type=\"column\" data-e-type=\"column\">\n\t\t\t<div class=\"elementor-widget-wrap elementor-element-populated\">\n\t\t\t\t\t\t<div class=\"elementor-element elementor-element-102e368c elementor-widget elementor-widget-image\" data-id=\"102e368c\" data-element_type=\"widget\" data-e-type=\"widget\" data-widget_type=\"image.default\">\n\t\t\t\t<div class=\"elementor-widget-container\">\n\t\t\t\t\t\t\t\t\t\t\t\t\t\t\t<img decoding=\"async\" width=\"750\" height=\"750\" src=\"https:\/\/innovartpublicidad.mx\/wp-content\/uploads\/2025\/03\/TOTEMS-BLANCO-1024x1024.png\" class=\"attachment-large size-large wp-image-1502\" alt=\"\" srcset=\"https:\/\/innovartpublicidad.mx\/wp-content\/uploads\/2025\/03\/TOTEMS-BLANCO-1024x1024.png 1024w, https:\/\/innovartpublicidad.mx\/wp-content\/uploads\/2025\/03\/TOTEMS-BLANCO-300x300.png 300w, https:\/\/innovartpublicidad.mx\/wp-content\/uploads\/2025\/03\/TOTEMS-BLANCO-150x150.png 150w, https:\/\/innovartpublicidad.mx\/wp-content\/uploads\/2025\/03\/TOTEMS-BLANCO-768x768.png 768w, https:\/\/innovartpublicidad.mx\/wp-content\/uploads\/2025\/03\/TOTEMS-BLANCO-1536x1536.png 1536w, https:\/\/innovartpublicidad.mx\/wp-content\/uploads\/2025\/03\/TOTEMS-BLANCO.png 1600w\" sizes=\"(max-width: 750px) 100vw, 750px\" \/>\t\t\t\t\t\t\t\t\t\t\t\t\t\t\t<\/div>\n\t\t\t\t<\/div>\n\t\t\t\t\t<\/div>\n\t\t<\/div>\n\t\t\t\t<div class=\"elementor-column elementor-col-25 elementor-inner-column elementor-element elementor-element-d2d503a\" data-id=\"d2d503a\" data-element_type=\"column\" data-e-type=\"column\">\n\t\t\t<div class=\"elementor-widget-wrap elementor-element-populated\">\n\t\t\t\t\t\t<div class=\"elementor-element elementor-element-636e2be3 elementor-widget elementor-widget-image\" data-id=\"636e2be3\" data-element_type=\"widget\" data-e-type=\"widget\" data-widget_type=\"image.default\">\n\t\t\t\t<div class=\"elementor-widget-container\">\n\t\t\t\t\t\t\t\t\t\t\t\t\t\t\t<img loading=\"lazy\" decoding=\"async\" width=\"750\" height=\"750\" src=\"https:\/\/innovartpublicidad.mx\/wp-content\/uploads\/2025\/03\/SENALETICA-BLANCO-1024x1024.png\" class=\"attachment-large size-large wp-image-1501\" alt=\"\" srcset=\"https:\/\/innovartpublicidad.mx\/wp-content\/uploads\/2025\/03\/SENALETICA-BLANCO-1024x1024.png 1024w, https:\/\/innovartpublicidad.mx\/wp-content\/uploads\/2025\/03\/SENALETICA-BLANCO-300x300.png 300w, https:\/\/innovartpublicidad.mx\/wp-content\/uploads\/2025\/03\/SENALETICA-BLANCO-150x150.png 150w, https:\/\/innovartpublicidad.mx\/wp-content\/uploads\/2025\/03\/SENALETICA-BLANCO-768x768.png 768w, https:\/\/innovartpublicidad.mx\/wp-content\/uploads\/2025\/03\/SENALETICA-BLANCO-1536x1536.png 1536w, https:\/\/innovartpublicidad.mx\/wp-content\/uploads\/2025\/03\/SENALETICA-BLANCO.png 1600w\" sizes=\"(max-width: 750px) 100vw, 750px\" \/>\t\t\t\t\t\t\t\t\t\t\t\t\t\t\t<\/div>\n\t\t\t\t<\/div>\n\t\t\t\t\t<\/div>\n\t\t<\/div>\n\t\t\t\t<div class=\"elementor-column elementor-col-25 elementor-inner-column elementor-element elementor-element-e53708c\" data-id=\"e53708c\" data-element_type=\"column\" data-e-type=\"column\">\n\t\t\t<div class=\"elementor-widget-wrap elementor-element-populated\">\n\t\t\t\t\t\t<div class=\"elementor-element elementor-element-113190c elementor-widget elementor-widget-image\" data-id=\"113190c\" data-element_type=\"widget\" data-e-type=\"widget\" data-widget_type=\"image.default\">\n\t\t\t\t<div class=\"elementor-widget-container\">\n\t\t\t\t\t\t\t\t\t\t\t\t\t\t\t<img loading=\"lazy\" decoding=\"async\" width=\"750\" height=\"750\" src=\"https:\/\/innovartpublicidad.mx\/wp-content\/uploads\/2025\/03\/LETRAS-3D-1024x1024.png\" class=\"attachment-large size-large wp-image-1500\" alt=\"\" srcset=\"https:\/\/innovartpublicidad.mx\/wp-content\/uploads\/2025\/03\/LETRAS-3D-1024x1024.png 1024w, https:\/\/innovartpublicidad.mx\/wp-content\/uploads\/2025\/03\/LETRAS-3D-300x300.png 300w, https:\/\/innovartpublicidad.mx\/wp-content\/uploads\/2025\/03\/LETRAS-3D-150x150.png 150w, https:\/\/innovartpublicidad.mx\/wp-content\/uploads\/2025\/03\/LETRAS-3D-768x768.png 768w, https:\/\/innovartpublicidad.mx\/wp-content\/uploads\/2025\/03\/LETRAS-3D-1536x1536.png 1536w, https:\/\/innovartpublicidad.mx\/wp-content\/uploads\/2025\/03\/LETRAS-3D.png 1600w\" sizes=\"(max-width: 750px) 100vw, 750px\" \/>\t\t\t\t\t\t\t\t\t\t\t\t\t\t\t<\/div>\n\t\t\t\t<\/div>\n\t\t\t\t\t<\/div>\n\t\t<\/div>\n\t\t\t\t\t<\/div>\n\t\t<\/section>\n\t\t\t\t<section class=\"elementor-section elementor-inner-section elementor-element elementor-element-3f3aeaee elementor-section-content-middle elementor-section-boxed elementor-section-height-default elementor-section-height-default\" data-id=\"3f3aeaee\" data-element_type=\"section\" data-e-type=\"section\">\n\t\t\t\t\t\t<div class=\"elementor-container elementor-column-gap-no\">\n\t\t\t\t\t<div class=\"elementor-column elementor-col-100 elementor-inner-column elementor-element elementor-element-609240f\" data-id=\"609240f\" data-element_type=\"column\" data-e-type=\"column\">\n\t\t\t<div class=\"elementor-widget-wrap\">\n\t\t\t\t\t\t\t<\/div>\n\t\t<\/div>\n\t\t\t\t\t<\/div>\n\t\t<\/section>\n\t\t\t\t\t<\/div>\n\t\t<\/div>\n\t\t\t\t\t<\/div>\n\t\t<\/section>\n\t\t\t\t<section class=\"elementor-section elementor-top-section elementor-element elementor-element-3967a43f elementor-section-content-middle elementor-section-boxed elementor-section-height-default elementor-section-height-default\" data-id=\"3967a43f\" data-element_type=\"section\" data-e-type=\"section\">\n\t\t\t\t\t\t<div class=\"elementor-container elementor-column-gap-no\">\n\t\t\t\t\t<div class=\"elementor-column elementor-col-50 elementor-top-column elementor-element elementor-element-4e402075\" data-id=\"4e402075\" data-element_type=\"column\" data-e-type=\"column\">\n\t\t\t<div class=\"elementor-widget-wrap elementor-element-populated\">\n\t\t\t\t\t\t<div class=\"elementor-element elementor-element-4526f765 elementor-widget-divider--view-line elementor-widget elementor-widget-divider\" data-id=\"4526f765\" data-element_type=\"widget\" data-e-type=\"widget\" data-widget_type=\"divider.default\">\n\t\t\t\t<div class=\"elementor-widget-container\">\n\t\t\t\t\t\t\t<div class=\"elementor-divider\">\n\t\t\t<span class=\"elementor-divider-separator\">\n\t\t\t\t\t\t<\/span>\n\t\t<\/div>\n\t\t\t\t\t\t<\/div>\n\t\t\t\t<\/div>\n\t\t\t\t<div class=\"elementor-element elementor-element-18aaed98 elementor-widget elementor-widget-heading\" data-id=\"18aaed98\" data-element_type=\"widget\" data-e-type=\"widget\" data-widget_type=\"heading.default\">\n\t\t\t\t<div class=\"elementor-widget-container\">\n\t\t\t\t\t<h4 class=\"elementor-heading-title elementor-size-default\">router<\/h4>\t\t\t\t<\/div>\n\t\t\t\t<\/div>\n\t\t\t\t\t<\/div>\n\t\t<\/div>\n\t\t\t\t<div class=\"elementor-column elementor-col-50 elementor-top-column elementor-element elementor-element-5d474094\" data-id=\"5d474094\" data-element_type=\"column\" data-e-type=\"column\">\n\t\t\t<div class=\"elementor-widget-wrap elementor-element-populated\">\n\t\t\t\t\t\t<div class=\"elementor-element elementor-element-272dae08 elementor-widget elementor-widget-text-editor\" data-id=\"272dae08\" data-element_type=\"widget\" data-e-type=\"widget\" data-widget_type=\"text-editor.default\">\n\t\t\t\t<div class=\"elementor-widget-container\">\n\t\t\t\t\t\t\t\t\t<p>\u2705 <strong data-start=\"452\" data-end=\"477\">Precisi\u00f3n milim\u00e9trica<\/strong> \u2013 Dise\u00f1os detallados sin errores ni imperfecciones.<br data-start=\"529\" data-end=\"532\" \/>\u2705 <strong data-start=\"534\" data-end=\"564\">Versatilidad de materiales<\/strong> \u2013 Trabaja con madera, acr\u00edlico, MDF, PVC, aluminio y m\u00e1s.<br data-start=\"622\" data-end=\"625\" data-is-only-node=\"\" \/>\u2705 <strong data-start=\"627\" data-end=\"663\">Cortes y grabados personalizados<\/strong> \u2013 Crea piezas \u00fanicas o producciones en serie con calidad profesional.<br data-start=\"733\" data-end=\"736\" \/>\u2705 <strong data-start=\"738\" data-end=\"770\">Mayor eficiencia y velocidad<\/strong> \u2013 Optimiza el tiempo de fabricaci\u00f3n y reduce el desperdicio de material.<br data-start=\"843\" data-end=\"846\" \/>\u2705 <strong data-start=\"848\" data-end=\"870\">Acabados perfectos<\/strong> \u2013 Bordes limpios sin necesidad de retoques manuales.<br data-start=\"923\" data-end=\"926\" \/>\u2705 <strong data-start=\"928\" data-end=\"963\">Ideal para m\u00faltiples industrias<\/strong> \u2013 Aplicable en publicidad, mobiliario, decoraci\u00f3n y prototipado.<\/p>\t\t\t\t\t\t\t\t<\/div>\n\t\t\t\t<\/div>\n\t\t\t\t<div class=\"elementor-element elementor-element-1f79d9ff elementor-widget elementor-widget-text-editor\" data-id=\"1f79d9ff\" data-element_type=\"widget\" data-e-type=\"widget\" data-widget_type=\"text-editor.default\">\n\t\t\t\t<div class=\"elementor-widget-container\">\n\t\t\t\t\t\t\t\t\t<div><p>Si buscas <strong data-start=\"1042\" data-end=\"1078\">calidad, precisi\u00f3n y creatividad<\/strong>, el <strong data-start=\"1083\" data-end=\"1097\">Router CNC<\/strong> es la mejor opci\u00f3n. \u00a0<\/p><p>\u00a1Convierte tus ideas en realidad con tecnolog\u00eda de vanguardia!<\/p><\/div>\t\t\t\t\t\t\t\t<\/div>\n\t\t\t\t<\/div>\n\t\t\t\t\t<\/div>\n\t\t<\/div>\n\t\t\t\t\t<\/div>\n\t\t<\/section>\n\t\t\t\t<section class=\"elementor-section elementor-top-section elementor-element elementor-element-6cd383d elementor-section-boxed elementor-section-height-default elementor-section-height-default\" data-id=\"6cd383d\" data-element_type=\"section\" data-e-type=\"section\">\n\t\t\t\t\t\t<div class=\"elementor-container elementor-column-gap-default\">\n\t\t\t\t\t<div class=\"elementor-column elementor-col-100 elementor-top-column elementor-element elementor-element-14b36e4\" data-id=\"14b36e4\" data-element_type=\"column\" data-e-type=\"column\">\n\t\t\t<div class=\"elementor-widget-wrap\">\n\t\t\t\t\t\t\t<\/div>\n\t\t<\/div>\n\t\t\t\t\t<\/div>\n\t\t<\/section>\n\t\t\t\t<\/div>\n\t\t","protected":false},"excerpt":{"rendered":"<p>Sobre el Router CNC El Router CNC es una tecnolog\u00eda avanzada que permite cortar, grabar y modelar materiales con precisi\u00f3n milim\u00e9trica. Gracias al Control Num\u00e9rico por Computadora (CNC), este sistema automatizado ejecuta dise\u00f1os complejos con rapidez y calidad profesional. Su versatilidad lo convierte en la mejor opci\u00f3n para trabajar con [&hellip;]<\/p>\n","protected":false},"author":1,"featured_media":0,"parent":0,"menu_order":0,"comment_status":"closed","ping_status":"closed","template":"page-templates\/template-pagebuilder-full-width.php","meta":{"om_disable_all_campaigns":false,"_monsterinsights_skip_tracking":false,"_monsterinsights_sitenote_active":false,"_monsterinsights_sitenote_note":"","_monsterinsights_sitenote_category":0,"_themeisle_gutenberg_block_has_review":false,"_joinchat":[],"footnotes":""},"class_list":["post-1419","page","type-page","status-publish","hentry"],"aioseo_notices":[],"featured_media_urls":[],"_links":{"self":[{"href":"https:\/\/innovartpublicidad.mx\/index.php\/wp-json\/wp\/v2\/pages\/1419","targetHints":{"allow":["GET"]}}],"collection":[{"href":"https:\/\/innovartpublicidad.mx\/index.php\/wp-json\/wp\/v2\/pages"}],"about":[{"href":"https:\/\/innovartpublicidad.mx\/index.php\/wp-json\/wp\/v2\/types\/page"}],"author":[{"embeddable":true,"href":"https:\/\/innovartpublicidad.mx\/index.php\/wp-json\/wp\/v2\/users\/1"}],"replies":[{"embeddable":true,"href":"https:\/\/innovartpublicidad.mx\/index.php\/wp-json\/wp\/v2\/comments?post=1419"}],"version-history":[{"count":13,"href":"https:\/\/innovartpublicidad.mx\/index.php\/wp-json\/wp\/v2\/pages\/1419\/revisions"}],"predecessor-version":[{"id":1508,"href":"https:\/\/innovartpublicidad.mx\/index.php\/wp-json\/wp\/v2\/pages\/1419\/revisions\/1508"}],"wp:attachment":[{"href":"https:\/\/innovartpublicidad.mx\/index.php\/wp-json\/wp\/v2\/media?parent=1419"}],"curies":[{"name":"wp","href":"https:\/\/api.w.org\/{rel}","templated":true}]}}