{"id":25,"date":"2023-02-20T19:15:28","date_gmt":"2023-02-20T19:15:28","guid":{"rendered":"https:\/\/innovartpublicidadmx.com\/mi-cuenta\/"},"modified":"2025-02-13T00:00:56","modified_gmt":"2025-02-13T00:00:56","slug":"nosotros","status":"publish","type":"page","link":"https:\/\/innovartpublicidad.mx\/index.php\/nosotros\/","title":{"rendered":"Nosotros"},"content":{"rendered":"\t\t<div data-elementor-type=\"wp-page\" data-elementor-id=\"25\" class=\"elementor elementor-25\">\n\t\t\t\t\t\t<section class=\"elementor-section elementor-top-section elementor-element elementor-element-6eb5419b elementor-section-boxed elementor-section-height-default elementor-section-height-default\" data-id=\"6eb5419b\" data-element_type=\"section\" data-e-type=\"section\">\n\t\t\t\t\t\t<div class=\"elementor-container elementor-column-gap-default\">\n\t\t\t\t\t<div class=\"elementor-column elementor-col-100 elementor-top-column elementor-element elementor-element-d56c14c\" data-id=\"d56c14c\" data-element_type=\"column\" data-e-type=\"column\">\n\t\t\t<div class=\"elementor-widget-wrap elementor-element-populated\">\n\t\t\t\t\t\t<div class=\"elementor-element elementor-element-149c2f81 elementor-widget elementor-widget-text-editor\" data-id=\"149c2f81\" data-element_type=\"widget\" data-e-type=\"widget\" data-widget_type=\"text-editor.default\">\n\t\t\t\t<div class=\"elementor-widget-container\">\n\t\t\t\t\t\t\t\t\t\n<p class=\"has-text-align-center\"><strong><span style=\"vertical-align: inherit;\"><span style=\"vertical-align: inherit;\">Un poco sobre nosotros<\/span><\/span><\/strong><\/p>\n\n<p class=\"has-text-align-center\"><span style=\"vertical-align: inherit;\"><span style=\"vertical-align: inherit;\"><em><span style=\"vertical-align: inherit;\"><span style=\"vertical-align: inherit;\">Innovart naci\u00f3 de una visi\u00f3n compartida entre H\u00e9ctor A. y su madre, quienes cre\u00edan en el poder de la publicidad para transformar negocios. Desde sus inicios, esta agencia se ha especializado en crear soluciones innovadoras en publicidad exterior, souvenirs y estructuras publicitarias, combinando creatividad, calidad y tecnolog\u00eda. A lo largo de los a\u00f1os, Innovart ha crecido junto a empresas de distintos sectores, ayud\u00e1ndolas a destacar en un mundo cada vez m\u00e1s visual y competitivo. Hoy, seguimos fieles a nuestra misi\u00f3n: hacer que cada marca sea imposible de ignorar.<\/span><\/span><\/em><\/span><\/span><\/p>\n\n<p class=\"has-text-align-center\"><strong><span style=\"vertical-align: inherit;\"><span style=\"vertical-align: inherit;\">Misi\u00f3n<\/span><\/span><\/strong><\/p>\n\n<p class=\"has-text-align-center\"><em><span style=\"vertical-align: inherit;\"><span style=\"vertical-align: inherit;\">Ser reconocidos por nuestros clientes como la primera opci\u00f3n confiable y creativa en impresi\u00f3n, fabricaci\u00f3n y personalizaci\u00f3n de publicidad gr\u00e1fica.<\/span><\/span><\/em><\/p>\n\n<p class=\"has-text-align-center\"><strong><span style=\"vertical-align: inherit;\"><span style=\"vertical-align: inherit;\">Visi\u00f3n<\/span><\/span><\/strong><\/p>\n\n<p class=\"has-text-align-center\"><span style=\"vertical-align: inherit;\"><span style=\"vertical-align: inherit;\"><span style=\"vertical-align: inherit;\"><span style=\"vertical-align: inherit;\">Ser la empresa de publicidad gr\u00e1fica de mayor capacidad en el pa\u00eds, con sucursales alrededor de la rep\u00fablica.<\/span><\/span><\/span><\/span><\/p>\n\n<p><\/p>\n\t\t\t\t\t\t\t\t<\/div>\n\t\t\t\t<\/div>\n\t\t\t\t\t<\/div>\n\t\t<\/div>\n\t\t\t\t\t<\/div>\n\t\t<\/section>\n\t\t\t\t<section class=\"elementor-section elementor-top-section elementor-element elementor-element-1e66b17c elementor-section-boxed elementor-section-height-default elementor-section-height-default\" data-id=\"1e66b17c\" data-element_type=\"section\" data-e-type=\"section\">\n\t\t\t\t\t\t<div class=\"elementor-container elementor-column-gap-default\">\n\t\t\t\t\t<div class=\"elementor-column elementor-col-100 elementor-top-column elementor-element elementor-element-0c42b09\" data-id=\"0c42b09\" data-element_type=\"column\" data-e-type=\"column\">\n\t\t\t<div class=\"elementor-widget-wrap\">\n\t\t\t\t\t\t\t<\/div>\n\t\t<\/div>\n\t\t\t\t\t<\/div>\n\t\t<\/section>\n\t\t\t\t<section class=\"elementor-section elementor-top-section elementor-element elementor-element-a84cf76 elementor-section-boxed elementor-section-height-default elementor-section-height-default\" data-id=\"a84cf76\" data-element_type=\"section\" data-e-type=\"section\">\n\t\t\t\t\t\t<div class=\"elementor-container elementor-column-gap-default\">\n\t\t\t\t\t<div class=\"elementor-column elementor-col-100 elementor-top-column elementor-element elementor-element-883795d\" data-id=\"883795d\" data-element_type=\"column\" data-e-type=\"column\">\n\t\t\t<div class=\"elementor-widget-wrap elementor-element-populated\">\n\t\t\t\t\t\t<div class=\"elementor-element elementor-element-7dd8b3a elementor-widget elementor-widget-wpzoom-elementor-addons-carousel\" data-id=\"7dd8b3a\" data-element_type=\"widget\" data-e-type=\"widget\" data-settings=\"{&quot;navigation&quot;:&quot;none&quot;,&quot;slides_to_show&quot;:&quot;4&quot;,&quot;slides_to_show_mobile&quot;:&quot;1&quot;,&quot;animation_speed&quot;:300,&quot;autoplay&quot;:&quot;yes&quot;,&quot;autoplay_speed&quot;:3000,&quot;loop&quot;:&quot;yes&quot;,&quot;slides_to_show_tablet&quot;:3}\" data-widget_type=\"wpzoom-elementor-addons-carousel.default\">\n\t\t\t\t<div class=\"elementor-widget-container\">\n\t\t\t\t\t<div class=\"wpzjs-slick wpz-slick wpz-slick--carousel\">\n\n\t\t\t\n\t\t\t\t<div class=\"wpz-slick-slide\">\n\t\t\t\t\t<div class=\"wpz-slick-item\">\n\t\t\t\t\t\t\t\t\t\t\t\t\t<img decoding=\"async\" class=\"wpz-slick-img\" src=\"http:\/\/innovartpublicidad.mx\/wp-content\/uploads\/2025\/02\/PERFIL-1-scaled.jpg\" alt=\"\">\n\t\t\t\t\t\t\n\t\t\t\t\t\t\t\t\t\t\t<\/div>\n\t\t\t\t<\/div>\n\n\t\t\t\n\t\t\t\t<div class=\"wpz-slick-slide\">\n\t\t\t\t\t<div class=\"wpz-slick-item\">\n\t\t\t\t\t\t\t\t\t\t\t\t\t<img decoding=\"async\" class=\"wpz-slick-img\" src=\"http:\/\/innovartpublicidad.mx\/wp-content\/uploads\/2025\/02\/PERFIL-1-scaled.jpg\" alt=\"\">\n\t\t\t\t\t\t\n\t\t\t\t\t\t\t\t\t\t\t<\/div>\n\t\t\t\t<\/div>\n\n\t\t\t\n\t\t\t\t<div class=\"wpz-slick-slide\">\n\t\t\t\t\t<div class=\"wpz-slick-item\">\n\t\t\t\t\t\t\t\t\t\t\t\t\t<img decoding=\"async\" class=\"wpz-slick-img\" src=\"http:\/\/innovartpublicidad.mx\/wp-content\/uploads\/2025\/02\/PERFIL-1-scaled.jpg\" alt=\"\">\n\t\t\t\t\t\t\n\t\t\t\t\t\t\t\t\t\t\t<\/div>\n\t\t\t\t<\/div>\n\n\t\t\t\n\t\t\t\t<div class=\"wpz-slick-slide\">\n\t\t\t\t\t<div class=\"wpz-slick-item\">\n\t\t\t\t\t\t\t\t\t\t\t\t\t<img decoding=\"async\" class=\"wpz-slick-img\" src=\"http:\/\/innovartpublicidad.mx\/wp-content\/uploads\/2025\/02\/PERFIL-1-scaled.jpg\" alt=\"\">\n\t\t\t\t\t\t\n\t\t\t\t\t\t\t\t\t\t\t<\/div>\n\t\t\t\t<\/div>\n\n\t\t\t\n\t\t\t\t<div class=\"wpz-slick-slide\">\n\t\t\t\t\t<div class=\"wpz-slick-item\">\n\t\t\t\t\t\t\t\t\t\t\t\t\t<img decoding=\"async\" class=\"wpz-slick-img\" src=\"http:\/\/innovartpublicidad.mx\/wp-content\/uploads\/2025\/02\/PERFIL-1-scaled.jpg\" alt=\"\">\n\t\t\t\t\t\t\n\t\t\t\t\t\t\t\t\t\t\t<\/div>\n\t\t\t\t<\/div>\n\n\t\t\t\n\t\t<\/div>\n\n\t\t\n\t\t\n\t\t\t\t\t\t<\/div>\n\t\t\t\t<\/div>\n\t\t\t\t\t<\/div>\n\t\t<\/div>\n\t\t\t\t\t<\/div>\n\t\t<\/section>\n\t\t\t\t<section class=\"elementor-section elementor-top-section elementor-element elementor-element-405d1bd elementor-section-boxed elementor-section-height-default elementor-section-height-default\" data-id=\"405d1bd\" data-element_type=\"section\" data-e-type=\"section\">\n\t\t\t\t\t\t<div class=\"elementor-container elementor-column-gap-default\">\n\t\t\t\t\t\t<\/div>\n\t\t<\/section>\n\t\t\t\t<section class=\"elementor-section elementor-top-section elementor-element elementor-element-0287326 elementor-section-boxed elementor-section-height-default elementor-section-height-default\" data-id=\"0287326\" data-element_type=\"section\" data-e-type=\"section\">\n\t\t\t\t\t\t<div class=\"elementor-container elementor-column-gap-default\">\n\t\t\t\t\t\t<\/div>\n\t\t<\/section>\n\t\t\t\t<section class=\"elementor-section elementor-top-section elementor-element elementor-element-800e4f8 elementor-section-boxed elementor-section-height-default elementor-section-height-default\" data-id=\"800e4f8\" data-element_type=\"section\" data-e-type=\"section\">\n\t\t\t\t\t\t<div class=\"elementor-container elementor-column-gap-default\">\n\t\t\t\t\t\t<\/div>\n\t\t<\/section>\n\t\t\t\t<section class=\"elementor-section elementor-top-section elementor-element elementor-element-0c27991 elementor-section-boxed elementor-section-height-default elementor-section-height-default\" data-id=\"0c27991\" data-element_type=\"section\" data-e-type=\"section\">\n\t\t\t\t\t\t<div class=\"elementor-container elementor-column-gap-default\">\n\t\t\t\t\t\t<\/div>\n\t\t<\/section>\n\t\t\t\t<section class=\"elementor-section elementor-top-section elementor-element elementor-element-de3e62a elementor-section-boxed elementor-section-height-default elementor-section-height-default\" data-id=\"de3e62a\" data-element_type=\"section\" data-e-type=\"section\">\n\t\t\t\t\t\t<div class=\"elementor-container elementor-column-gap-default\">\n\t\t\t\t\t\t<\/div>\n\t\t<\/section>\n\t\t\t\t<section class=\"elementor-section elementor-top-section elementor-element elementor-element-24b169e elementor-section-boxed elementor-section-height-default elementor-section-height-default\" data-id=\"24b169e\" data-element_type=\"section\" data-e-type=\"section\">\n\t\t\t\t\t\t<div class=\"elementor-container elementor-column-gap-default\">\n\t\t\t\t\t\t<\/div>\n\t\t<\/section>\n\t\t\t\t<section class=\"elementor-section elementor-top-section elementor-element elementor-element-01126b2 elementor-section-boxed elementor-section-height-default elementor-section-height-default\" data-id=\"01126b2\" data-element_type=\"section\" data-e-type=\"section\">\n\t\t\t\t\t\t<div class=\"elementor-container elementor-column-gap-default\">\n\t\t\t\t\t\t<\/div>\n\t\t<\/section>\n\t\t\t\t<section class=\"elementor-section elementor-top-section elementor-element elementor-element-e26985a elementor-section-boxed elementor-section-height-default elementor-section-height-default\" data-id=\"e26985a\" data-element_type=\"section\" data-e-type=\"section\">\n\t\t\t\t\t\t<div class=\"elementor-container elementor-column-gap-default\">\n\t\t\t\t\t\t<\/div>\n\t\t<\/section>\n\t\t\t\t<section class=\"elementor-section elementor-top-section elementor-element elementor-element-b444daa elementor-section-boxed elementor-section-height-default elementor-section-height-default\" data-id=\"b444daa\" data-element_type=\"section\" data-e-type=\"section\">\n\t\t\t\t\t\t<div class=\"elementor-container elementor-column-gap-default\">\n\t\t\t\t\t\t<\/div>\n\t\t<\/section>\n\t\t\t\t<section class=\"elementor-section elementor-top-section elementor-element elementor-element-0d9998b elementor-section-boxed elementor-section-height-default elementor-section-height-default\" data-id=\"0d9998b\" data-element_type=\"section\" data-e-type=\"section\">\n\t\t\t\t\t\t<div class=\"elementor-container elementor-column-gap-default\">\n\t\t\t\t\t\t<\/div>\n\t\t<\/section>\n\t\t\t\t<section class=\"elementor-section elementor-top-section elementor-element elementor-element-432d39f elementor-section-boxed elementor-section-height-default elementor-section-height-default\" data-id=\"432d39f\" data-element_type=\"section\" data-e-type=\"section\">\n\t\t\t\t\t\t<div class=\"elementor-container elementor-column-gap-default\">\n\t\t\t\t\t\t<\/div>\n\t\t<\/section>\n\t\t\t\t<section class=\"elementor-section elementor-top-section elementor-element elementor-element-15a628b elementor-section-boxed elementor-section-height-default elementor-section-height-default\" data-id=\"15a628b\" data-element_type=\"section\" data-e-type=\"section\">\n\t\t\t\t\t\t<div class=\"elementor-container elementor-column-gap-default\">\n\t\t\t\t\t\t<\/div>\n\t\t<\/section>\n\t\t\t\t<section class=\"elementor-section elementor-top-section elementor-element elementor-element-65dff66 elementor-section-boxed elementor-section-height-default elementor-section-height-default\" data-id=\"65dff66\" data-element_type=\"section\" data-e-type=\"section\">\n\t\t\t\t\t\t<div class=\"elementor-container elementor-column-gap-default\">\n\t\t\t\t\t\t<\/div>\n\t\t<\/section>\n\t\t\t\t<section class=\"elementor-section elementor-top-section elementor-element elementor-element-a04147a elementor-section-boxed elementor-section-height-default elementor-section-height-default\" data-id=\"a04147a\" data-element_type=\"section\" data-e-type=\"section\">\n\t\t\t\t\t\t<div class=\"elementor-container elementor-column-gap-default\">\n\t\t\t\t\t\t<\/div>\n\t\t<\/section>\n\t\t\t\t<section class=\"elementor-section elementor-top-section elementor-element elementor-element-831a9e8 elementor-section-boxed elementor-section-height-default elementor-section-height-default\" data-id=\"831a9e8\" data-element_type=\"section\" data-e-type=\"section\">\n\t\t\t\t\t\t<div class=\"elementor-container elementor-column-gap-default\">\n\t\t\t\t\t\t<\/div>\n\t\t<\/section>\n\t\t\t\t<section class=\"elementor-section elementor-top-section elementor-element elementor-element-ec2b5f9 elementor-section-boxed elementor-section-height-default elementor-section-height-default\" data-id=\"ec2b5f9\" data-element_type=\"section\" data-e-type=\"section\">\n\t\t\t\t\t\t<div class=\"elementor-container elementor-column-gap-default\">\n\t\t\t\t\t\t<\/div>\n\t\t<\/section>\n\t\t\t\t<section class=\"elementor-section elementor-top-section elementor-element elementor-element-84dd6bd elementor-section-boxed elementor-section-height-default elementor-section-height-default\" data-id=\"84dd6bd\" data-element_type=\"section\" data-e-type=\"section\">\n\t\t\t\t\t\t<div class=\"elementor-container elementor-column-gap-default\">\n\t\t\t\t\t\t<\/div>\n\t\t<\/section>\n\t\t\t\t<section class=\"elementor-section elementor-top-section elementor-element elementor-element-915963f elementor-section-boxed elementor-section-height-default elementor-section-height-default\" data-id=\"915963f\" data-element_type=\"section\" data-e-type=\"section\">\n\t\t\t\t\t\t<div class=\"elementor-container elementor-column-gap-default\">\n\t\t\t\t\t\t<\/div>\n\t\t<\/section>\n\t\t\t\t<section class=\"elementor-section elementor-top-section elementor-element elementor-element-5209608 elementor-section-boxed elementor-section-height-default elementor-section-height-default\" data-id=\"5209608\" data-element_type=\"section\" data-e-type=\"section\">\n\t\t\t\t\t\t<div class=\"elementor-container elementor-column-gap-default\">\n\t\t\t\t\t\t<\/div>\n\t\t<\/section>\n\t\t\t\t<section class=\"elementor-section elementor-top-section elementor-element elementor-element-63f0ff4 elementor-section-boxed elementor-section-height-default elementor-section-height-default\" data-id=\"63f0ff4\" data-element_type=\"section\" data-e-type=\"section\">\n\t\t\t\t\t\t<div class=\"elementor-container elementor-column-gap-default\">\n\t\t\t\t\t\t<\/div>\n\t\t<\/section>\n\t\t\t\t<\/div>\n\t\t","protected":false},"excerpt":{"rendered":"<p>Un poco sobre nosotros Innovart naci\u00f3 de una visi\u00f3n compartida entre H\u00e9ctor A. y su madre, quienes cre\u00edan en el poder de la publicidad para transformar negocios. Desde sus inicios, esta agencia se ha especializado en crear soluciones innovadoras en publicidad exterior, souvenirs y estructuras publicitarias, combinando creatividad, calidad y [&hellip;]<\/p>\n","protected":false},"author":1,"featured_media":1353,"parent":0,"menu_order":0,"comment_status":"closed","ping_status":"closed","template":"","meta":{"om_disable_all_campaigns":false,"_monsterinsights_skip_tracking":false,"_monsterinsights_sitenote_active":false,"_monsterinsights_sitenote_note":"","_monsterinsights_sitenote_category":0,"_themeisle_gutenberg_block_has_review":false,"_joinchat":[],"footnotes":""},"class_list":["post-25","page","type-page","status-publish","has-post-thumbnail","hentry"],"aioseo_notices":[],"featured_media_urls":{"thumbnail":["https:\/\/innovartpublicidad.mx\/wp-content\/uploads\/2025\/02\/pexels-samuelsweet-6269761-150x150.jpg",150,150,true],"medium":["https:\/\/innovartpublicidad.mx\/wp-content\/uploads\/2025\/02\/pexels-samuelsweet-6269761-300x300.jpg",300,300,true],"medium_large":["https:\/\/innovartpublicidad.mx\/wp-content\/uploads\/2025\/02\/pexels-samuelsweet-6269761-768x768.jpg",750,750,true],"large":["https:\/\/innovartpublicidad.mx\/wp-content\/uploads\/2025\/02\/pexels-samuelsweet-6269761-1024x1024.jpg",750,750,true],"1536x1536":["https:\/\/innovartpublicidad.mx\/wp-content\/uploads\/2025\/02\/pexels-samuelsweet-6269761-1536x911.jpg",1536,911,true],"2048x2048":["https:\/\/innovartpublicidad.mx\/wp-content\/uploads\/2025\/02\/pexels-samuelsweet-6269761-2048x1214.jpg",2048,1214,true],"hestia-blog":["https:\/\/innovartpublicidad.mx\/wp-content\/uploads\/2025\/02\/pexels-samuelsweet-6269761-360x240.jpg",360,240,true],"portfolio_item-thumbnail":["https:\/\/innovartpublicidad.mx\/wp-content\/uploads\/2025\/02\/pexels-samuelsweet-6269761-600x400.jpg",600,400,true],"portfolio_item-thumbnail@2x":["https:\/\/innovartpublicidad.mx\/wp-content\/uploads\/2025\/02\/pexels-samuelsweet-6269761-scaled.jpg",1200,712,false],"portfolio_item-masonry":["https:\/\/innovartpublicidad.mx\/wp-content\/uploads\/2025\/02\/pexels-samuelsweet-6269761-600x356.jpg",600,356,true],"portfolio_item-masonry@2x":["https:\/\/innovartpublicidad.mx\/wp-content\/uploads\/2025\/02\/pexels-samuelsweet-6269761-scaled.jpg",1200,712,false],"portfolio_item-thumbnail_cinema":["https:\/\/innovartpublicidad.mx\/wp-content\/uploads\/2025\/02\/pexels-samuelsweet-6269761-800x335.jpg",800,335,true],"portfolio_item-thumbnail_portrait":["https:\/\/innovartpublicidad.mx\/wp-content\/uploads\/2025\/02\/pexels-samuelsweet-6269761-600x900.jpg",600,900,true],"portfolio_item-thumbnail_portrait@2x":["https:\/\/innovartpublicidad.mx\/wp-content\/uploads\/2025\/02\/pexels-samuelsweet-6269761-scaled.jpg",1200,712,false],"portfolio_item-thumbnail_square":["https:\/\/innovartpublicidad.mx\/wp-content\/uploads\/2025\/02\/pexels-samuelsweet-6269761-800x800.jpg",800,800,true]},"_links":{"self":[{"href":"https:\/\/innovartpublicidad.mx\/index.php\/wp-json\/wp\/v2\/pages\/25","targetHints":{"allow":["GET"]}}],"collection":[{"href":"https:\/\/innovartpublicidad.mx\/index.php\/wp-json\/wp\/v2\/pages"}],"about":[{"href":"https:\/\/innovartpublicidad.mx\/index.php\/wp-json\/wp\/v2\/types\/page"}],"author":[{"embeddable":true,"href":"https:\/\/innovartpublicidad.mx\/index.php\/wp-json\/wp\/v2\/users\/1"}],"replies":[{"embeddable":true,"href":"https:\/\/innovartpublicidad.mx\/index.php\/wp-json\/wp\/v2\/comments?post=25"}],"version-history":[{"count":59,"href":"https:\/\/innovartpublicidad.mx\/index.php\/wp-json\/wp\/v2\/pages\/25\/revisions"}],"predecessor-version":[{"id":1341,"href":"https:\/\/innovartpublicidad.mx\/index.php\/wp-json\/wp\/v2\/pages\/25\/revisions\/1341"}],"wp:featuredmedia":[{"embeddable":true,"href":"https:\/\/innovartpublicidad.mx\/index.php\/wp-json\/wp\/v2\/media\/1353"}],"wp:attachment":[{"href":"https:\/\/innovartpublicidad.mx\/index.php\/wp-json\/wp\/v2\/media?parent=25"}],"curies":[{"name":"wp","href":"https:\/\/api.w.org\/{rel}","templated":true}]}}