{"id":320,"date":"2023-03-28T04:23:03","date_gmt":"2023-03-28T04:23:03","guid":{"rendered":"https:\/\/innovartpublicidad.mx\/?page_id=320"},"modified":"2025-02-11T19:31:04","modified_gmt":"2025-02-11T19:31:04","slug":"inicio","status":"publish","type":"page","link":"https:\/\/innovartpublicidad.mx\/","title":{"rendered":"Haz crecer tu negocio"},"content":{"rendered":"\t\t<div data-elementor-type=\"wp-page\" data-elementor-id=\"320\" class=\"elementor elementor-320\">\n\t\t\t\t\t\t<section class=\"elementor-section elementor-top-section elementor-element elementor-element-dffcc66 elementor-section-full_width elementor-section-stretched elementor-section-height-default elementor-section-height-default\" data-id=\"dffcc66\" data-element_type=\"section\" data-e-type=\"section\" data-settings=\"{&quot;stretch_section&quot;:&quot;section-stretched&quot;}\">\n\t\t\t\t\t\t<div class=\"elementor-container elementor-column-gap-default\">\n\t\t\t\t\t<div class=\"elementor-column elementor-col-33 elementor-top-column elementor-element elementor-element-c47e8a6\" data-id=\"c47e8a6\" data-element_type=\"column\" data-e-type=\"column\">\n\t\t\t<div class=\"elementor-widget-wrap elementor-element-populated\">\n\t\t\t\t\t\t<div class=\"elementor-element elementor-element-891bf99 elementor-invisible elementor-widget elementor-widget-image\" data-id=\"891bf99\" data-element_type=\"widget\" data-e-type=\"widget\" data-settings=\"{&quot;_animation&quot;:&quot;pulse&quot;}\" data-widget_type=\"image.default\">\n\t\t\t\t<div class=\"elementor-widget-container\">\n\t\t\t\t\t\t\t\t\t\t\t\t<figure class=\"wp-caption\">\n\t\t\t\t\t\t\t\t\t\t\t<a href=\"https:\/\/innovartpublicidad.mx\/index.php\/servicios-profesionales\/\">\n\t\t\t\t\t\t\t<img fetchpriority=\"high\" decoding=\"async\" width=\"750\" height=\"750\" src=\"https:\/\/innovartpublicidad.mx\/wp-content\/uploads\/2023\/04\/4358918_19846-1024x1024.jpg\" class=\"attachment-large size-large wp-image-725\" alt=\"\" srcset=\"https:\/\/innovartpublicidad.mx\/wp-content\/uploads\/2023\/04\/4358918_19846-1024x1024.jpg 1024w, https:\/\/innovartpublicidad.mx\/wp-content\/uploads\/2023\/04\/4358918_19846-300x300.jpg 300w, https:\/\/innovartpublicidad.mx\/wp-content\/uploads\/2023\/04\/4358918_19846-150x150.jpg 150w, https:\/\/innovartpublicidad.mx\/wp-content\/uploads\/2023\/04\/4358918_19846-768x768.jpg 768w, https:\/\/innovartpublicidad.mx\/wp-content\/uploads\/2023\/04\/4358918_19846-1536x1536.jpg 1536w, https:\/\/innovartpublicidad.mx\/wp-content\/uploads\/2023\/04\/4358918_19846-2048x2048.jpg 2048w, https:\/\/innovartpublicidad.mx\/wp-content\/uploads\/2023\/04\/4358918_19846-2000x2000.jpg 2000w, https:\/\/innovartpublicidad.mx\/wp-content\/uploads\/2023\/04\/4358918_19846-600x600.jpg 600w, https:\/\/innovartpublicidad.mx\/wp-content\/uploads\/2023\/04\/4358918_19846-800x800.jpg 800w\" sizes=\"(max-width: 750px) 100vw, 750px\" \/>\t\t\t\t\t\t\t\t<\/a>\n\t\t\t\t\t\t\t\t\t\t\t<figcaption class=\"widget-image-caption wp-caption-text\">Impresi\u00f3n e instalaci\u00f3n de anuncios publicitarios - Contamos con gran variedad de dise\u00f1os<\/figcaption>\n\t\t\t\t\t\t\t\t\t\t<\/figure>\n\t\t\t\t\t\t\t\t\t<\/div>\n\t\t\t\t<\/div>\n\t\t\t\t\t<\/div>\n\t\t<\/div>\n\t\t\t\t<div class=\"elementor-column elementor-col-33 elementor-top-column elementor-element elementor-element-ad482fe\" data-id=\"ad482fe\" data-element_type=\"column\" data-e-type=\"column\">\n\t\t\t<div class=\"elementor-widget-wrap elementor-element-populated\">\n\t\t\t\t\t\t<div class=\"elementor-element elementor-element-2a1ce99 elementor-invisible elementor-widget elementor-widget-image\" data-id=\"2a1ce99\" data-element_type=\"widget\" data-e-type=\"widget\" data-settings=\"{&quot;_animation&quot;:&quot;pulse&quot;}\" data-widget_type=\"image.default\">\n\t\t\t\t<div class=\"elementor-widget-container\">\n\t\t\t\t\t\t\t\t\t\t\t\t<figure class=\"wp-caption\">\n\t\t\t\t\t\t\t\t\t\t\t<a href=\"https:\/\/innovartpublicidad.mx\/index.php\/servicios-profesionales\/\">\n\t\t\t\t\t\t\t<img decoding=\"async\" width=\"750\" height=\"750\" src=\"https:\/\/innovartpublicidad.mx\/wp-content\/uploads\/2023\/04\/6851372_28336-1024x1024.jpg\" class=\"attachment-large size-large wp-image-726\" alt=\"\" srcset=\"https:\/\/innovartpublicidad.mx\/wp-content\/uploads\/2023\/04\/6851372_28336-1024x1024.jpg 1024w, https:\/\/innovartpublicidad.mx\/wp-content\/uploads\/2023\/04\/6851372_28336-300x300.jpg 300w, https:\/\/innovartpublicidad.mx\/wp-content\/uploads\/2023\/04\/6851372_28336-150x150.jpg 150w, https:\/\/innovartpublicidad.mx\/wp-content\/uploads\/2023\/04\/6851372_28336-768x768.jpg 768w, https:\/\/innovartpublicidad.mx\/wp-content\/uploads\/2023\/04\/6851372_28336-800x800.jpg 800w\" sizes=\"(max-width: 750px) 100vw, 750px\" \/>\t\t\t\t\t\t\t\t<\/a>\n\t\t\t\t\t\t\t\t\t\t\t<figcaption class=\"widget-image-caption wp-caption-text\">Somos una agencia de publicidad - Comprometidos con entregarles calidad a nuestros clientes<\/figcaption>\n\t\t\t\t\t\t\t\t\t\t<\/figure>\n\t\t\t\t\t\t\t\t\t<\/div>\n\t\t\t\t<\/div>\n\t\t\t\t\t<\/div>\n\t\t<\/div>\n\t\t\t\t<div class=\"elementor-column elementor-col-33 elementor-top-column elementor-element elementor-element-7ac8abf\" data-id=\"7ac8abf\" data-element_type=\"column\" data-e-type=\"column\">\n\t\t\t<div class=\"elementor-widget-wrap elementor-element-populated\">\n\t\t\t\t\t\t<div class=\"elementor-element elementor-element-61724b1 elementor-invisible elementor-widget elementor-widget-image\" data-id=\"61724b1\" data-element_type=\"widget\" data-e-type=\"widget\" data-settings=\"{&quot;_animation&quot;:&quot;pulse&quot;}\" data-widget_type=\"image.default\">\n\t\t\t\t<div class=\"elementor-widget-container\">\n\t\t\t\t\t\t\t\t\t\t\t\t<figure class=\"wp-caption\">\n\t\t\t\t\t\t\t\t\t\t\t<a href=\"https:\/\/innovartpublicidad.mx\/index.php\/servicios-profesionales\/\">\n\t\t\t\t\t\t\t<img decoding=\"async\" width=\"800\" height=\"800\" src=\"https:\/\/innovartpublicidad.mx\/wp-content\/uploads\/2023\/04\/6851384_28348-800x800.jpg\" class=\"attachment-portfolio_item-thumbnail_square size-portfolio_item-thumbnail_square wp-image-737\" alt=\"\" srcset=\"https:\/\/innovartpublicidad.mx\/wp-content\/uploads\/2023\/04\/6851384_28348-800x800.jpg 800w, https:\/\/innovartpublicidad.mx\/wp-content\/uploads\/2023\/04\/6851384_28348-300x300.jpg 300w, https:\/\/innovartpublicidad.mx\/wp-content\/uploads\/2023\/04\/6851384_28348-1024x1024.jpg 1024w, https:\/\/innovartpublicidad.mx\/wp-content\/uploads\/2023\/04\/6851384_28348-150x150.jpg 150w, https:\/\/innovartpublicidad.mx\/wp-content\/uploads\/2023\/04\/6851384_28348-768x768.jpg 768w\" sizes=\"(max-width: 800px) 100vw, 800px\" \/>\t\t\t\t\t\t\t\t<\/a>\n\t\t\t\t\t\t\t\t\t\t\t<figcaption class=\"widget-image-caption wp-caption-text\">Procesos de impresi\u00f3n de alta calidad - Nuestro equipo esta capacitdado para brindar el mejor servicio<\/figcaption>\n\t\t\t\t\t\t\t\t\t\t<\/figure>\n\t\t\t\t\t\t\t\t\t<\/div>\n\t\t\t\t<\/div>\n\t\t\t\t\t<\/div>\n\t\t<\/div>\n\t\t\t\t\t<\/div>\n\t\t<\/section>\n\t\t\t\t<section class=\"elementor-section elementor-top-section elementor-element elementor-element-e73f867 elementor-section-full_width elementor-section-stretched elementor-section-height-default elementor-section-height-default elementor-invisible\" data-id=\"e73f867\" data-element_type=\"section\" data-e-type=\"section\" data-settings=\"{&quot;stretch_section&quot;:&quot;section-stretched&quot;,&quot;animation&quot;:&quot;pulse&quot;}\">\n\t\t\t\t\t\t<div class=\"elementor-container elementor-column-gap-default\">\n\t\t\t\t\t<div class=\"elementor-column elementor-col-100 elementor-top-column elementor-element elementor-element-c0a6df0\" data-id=\"c0a6df0\" data-element_type=\"column\" data-e-type=\"column\">\n\t\t\t<div class=\"elementor-widget-wrap\">\n\t\t\t\t\t\t\t<\/div>\n\t\t<\/div>\n\t\t\t\t\t<\/div>\n\t\t<\/section>\n\t\t\t\t<\/div>\n\t\t","protected":false},"excerpt":{"rendered":"<p>Impresi\u00f3n e instalaci\u00f3n de anuncios publicitarios &#8211; Contamos con gran variedad de dise\u00f1os Somos una agencia de publicidad &#8211; Comprometidos con entregarles calidad a nuestros clientes Procesos de impresi\u00f3n de alta calidad &#8211; Nuestro equipo esta capacitdado para brindar el mejor servicio<\/p>\n","protected":false},"author":1,"featured_media":0,"parent":0,"menu_order":0,"comment_status":"closed","ping_status":"closed","template":"","meta":{"om_disable_all_campaigns":false,"_monsterinsights_skip_tracking":false,"_monsterinsights_sitenote_active":false,"_monsterinsights_sitenote_note":"","_monsterinsights_sitenote_category":0,"_themeisle_gutenberg_block_has_review":false,"_joinchat":[],"footnotes":""},"class_list":["post-320","page","type-page","status-publish","hentry"],"aioseo_notices":[],"featured_media_urls":[],"_links":{"self":[{"href":"https:\/\/innovartpublicidad.mx\/index.php\/wp-json\/wp\/v2\/pages\/320","targetHints":{"allow":["GET"]}}],"collection":[{"href":"https:\/\/innovartpublicidad.mx\/index.php\/wp-json\/wp\/v2\/pages"}],"about":[{"href":"https:\/\/innovartpublicidad.mx\/index.php\/wp-json\/wp\/v2\/types\/page"}],"author":[{"embeddable":true,"href":"https:\/\/innovartpublicidad.mx\/index.php\/wp-json\/wp\/v2\/users\/1"}],"replies":[{"embeddable":true,"href":"https:\/\/innovartpublicidad.mx\/index.php\/wp-json\/wp\/v2\/comments?post=320"}],"version-history":[{"count":174,"href":"https:\/\/innovartpublicidad.mx\/index.php\/wp-json\/wp\/v2\/pages\/320\/revisions"}],"predecessor-version":[{"id":1168,"href":"https:\/\/innovartpublicidad.mx\/index.php\/wp-json\/wp\/v2\/pages\/320\/revisions\/1168"}],"wp:attachment":[{"href":"https:\/\/innovartpublicidad.mx\/index.php\/wp-json\/wp\/v2\/media?parent=320"}],"curies":[{"name":"wp","href":"https:\/\/api.w.org\/{rel}","templated":true}]}}