{"id":572,"date":"2023-04-12T04:28:33","date_gmt":"2023-04-12T04:28:33","guid":{"rendered":"https:\/\/innovartpublicidad.mx\/?page_id=572"},"modified":"2023-05-22T07:01:50","modified_gmt":"2023-05-22T07:01:50","slug":"lona-impresa","status":"publish","type":"page","link":"https:\/\/innovartpublicidad.mx\/index.php\/lona-impresa\/","title":{"rendered":"Anuncios Luminosos y 3D"},"content":{"rendered":"\t\t<div data-elementor-type=\"wp-page\" data-elementor-id=\"572\" class=\"elementor elementor-572\">\n\t\t\t\t\t\t<section class=\"elementor-section elementor-top-section elementor-element elementor-element-994563f elementor-section-boxed elementor-section-height-default elementor-section-height-default\" data-id=\"994563f\" data-element_type=\"section\" data-e-type=\"section\">\n\t\t\t\t\t\t<div class=\"elementor-container elementor-column-gap-default\">\n\t\t\t\t\t<div class=\"elementor-column elementor-col-100 elementor-top-column elementor-element elementor-element-ff4130b\" data-id=\"ff4130b\" data-element_type=\"column\" data-e-type=\"column\">\n\t\t\t<div class=\"elementor-widget-wrap elementor-element-populated\">\n\t\t\t\t\t\t<div class=\"elementor-element elementor-element-4a0d477 elementor-widget elementor-widget-heading\" data-id=\"4a0d477\" data-element_type=\"widget\" data-e-type=\"widget\" data-widget_type=\"heading.default\">\n\t\t\t\t<div class=\"elementor-widget-container\">\n\t\t\t\t\t<h2 class=\"elementor-heading-title elementor-size-medium\">\u00a1Anuncia tu negocio y lo que vendes!<\/h2>\t\t\t\t<\/div>\n\t\t\t\t<\/div>\n\t\t\t\t<div class=\"elementor-element elementor-element-58476bd elementor-widget elementor-widget-text-editor\" data-id=\"58476bd\" data-element_type=\"widget\" data-e-type=\"widget\" data-widget_type=\"text-editor.default\">\n\t\t\t\t<div class=\"elementor-widget-container\">\n\t\t\t\t\t\t\t\t\t<p>Los letreros luminosos son propios de las fachadas de establecimientos, si bien tambi\u00e9n se encuentran en su interior promocionando sus productos o servicios. Estos pueden ser creados en acr\u00edlico, aluminio, MDF o PVC. Por tener el mismo principio, tambi\u00e9n se pueden considerar carteles las im\u00e1genes iluminadas colocadas en el frente de las m\u00e1quinas expendedoras de bebidas, tabaco, alimentos, etc., y que se encuentran en numerosos establecimientos y lugares p\u00fablicos.<\/p>\t\t\t\t\t\t\t\t<\/div>\n\t\t\t\t<\/div>\n\t\t\t\t\t<\/div>\n\t\t<\/div>\n\t\t\t\t\t<\/div>\n\t\t<\/section>\n\t\t\t\t<section class=\"elementor-section elementor-top-section elementor-element elementor-element-45fd87b elementor-section-boxed elementor-section-height-default elementor-section-height-default\" data-id=\"45fd87b\" data-element_type=\"section\" data-e-type=\"section\">\n\t\t\t\t\t\t<div class=\"elementor-container elementor-column-gap-default\">\n\t\t\t\t\t<div class=\"elementor-column elementor-col-100 elementor-top-column elementor-element elementor-element-cac8d34\" data-id=\"cac8d34\" data-element_type=\"column\" data-e-type=\"column\">\n\t\t\t<div class=\"elementor-widget-wrap elementor-element-populated\">\n\t\t\t\t\t\t<div class=\"elementor-element elementor-element-8f9b638 elementor-widget elementor-widget-image-gallery\" data-id=\"8f9b638\" data-element_type=\"widget\" data-e-type=\"widget\" data-widget_type=\"image-gallery.default\">\n\t\t\t\t<div class=\"elementor-widget-container\">\n\t\t\t\t\t\t\t<div class=\"elementor-image-gallery\">\n\t\t\t\n\t\t<style type=\"text\/css\">\n\t\t\t#gallery-1 {\n\t\t\t\tmargin: auto;\n\t\t\t}\n\t\t\t#gallery-1 .gallery-item {\n\t\t\t\tfloat: left;\n\t\t\t\tmargin-top: 10px;\n\t\t\t\ttext-align: center;\n\t\t\t\twidth: 50%;\n\t\t\t}\n\t\t\t#gallery-1 img {\n\t\t\t\tborder: 2px solid #cfcfcf;\n\t\t\t}\n\t\t\t#gallery-1 .gallery-caption {\n\t\t\t\tmargin-left: 0;\n\t\t\t}\n\t\t\t\/* see gallery_shortcode() in wp-includes\/media.php *\/\n\t\t<\/style>\n\t\t<div id='gallery-1' class='gallery galleryid-572 gallery-columns-2 gallery-size-large'><dl class='gallery-item'>\n\t\t\t<dt class='gallery-icon landscape'>\n\t\t\t\t<a data-elementor-open-lightbox=\"yes\" data-elementor-lightbox-slideshow=\"8f9b638\" data-elementor-lightbox-title=\"Farmacias-del-Ahorro-7-640x360\" data-e-action-hash=\"#elementor-action%3Aaction%3Dlightbox%26settings%3DeyJpZCI6MTExMiwidXJsIjoiaHR0cHM6XC9cL2lubm92YXJ0cHVibGljaWRhZC5teFwvd3AtY29udGVudFwvdXBsb2Fkc1wvMjAyM1wvMDVcL0Zhcm1hY2lhcy1kZWwtQWhvcnJvLTctNjQweDM2MC0xLmpwZyIsInNsaWRlc2hvdyI6IjhmOWI2MzgifQ%3D%3D\" href='https:\/\/innovartpublicidad.mx\/wp-content\/uploads\/2023\/05\/Farmacias-del-Ahorro-7-640x360-1.jpg'><img fetchpriority=\"high\" decoding=\"async\" width=\"640\" height=\"360\" src=\"https:\/\/innovartpublicidad.mx\/wp-content\/uploads\/2023\/05\/Farmacias-del-Ahorro-7-640x360-1.jpg\" class=\"attachment-large size-large\" alt=\"\" srcset=\"https:\/\/innovartpublicidad.mx\/wp-content\/uploads\/2023\/05\/Farmacias-del-Ahorro-7-640x360-1.jpg 640w, https:\/\/innovartpublicidad.mx\/wp-content\/uploads\/2023\/05\/Farmacias-del-Ahorro-7-640x360-1-600x338.jpg 600w\" sizes=\"(max-width: 640px) 100vw, 640px\" \/><\/a>\n\t\t\t<\/dt><\/dl><dl class='gallery-item'>\n\t\t\t<dt class='gallery-icon landscape'>\n\t\t\t\t<a data-elementor-open-lightbox=\"yes\" data-elementor-lightbox-slideshow=\"8f9b638\" data-elementor-lightbox-title=\"caja-de-luz-para-cajeros-automaticos-1024x768\" data-e-action-hash=\"#elementor-action%3Aaction%3Dlightbox%26settings%3DeyJpZCI6MTA1MywidXJsIjoiaHR0cHM6XC9cL2lubm92YXJ0cHVibGljaWRhZC5teFwvd3AtY29udGVudFwvdXBsb2Fkc1wvMjAyM1wvMDVcL2NhamEtZGUtbHV6LXBhcmEtY2FqZXJvcy1hdXRvbWF0aWNvcy0xMDI0eDc2OC0xLmpwZyIsInNsaWRlc2hvdyI6IjhmOWI2MzgifQ%3D%3D\" href='https:\/\/innovartpublicidad.mx\/wp-content\/uploads\/2023\/05\/caja-de-luz-para-cajeros-automaticos-1024x768-1.jpg'><img decoding=\"async\" width=\"750\" height=\"563\" src=\"https:\/\/innovartpublicidad.mx\/wp-content\/uploads\/2023\/05\/caja-de-luz-para-cajeros-automaticos-1024x768-1.jpg\" class=\"attachment-large size-large\" alt=\"\" srcset=\"https:\/\/innovartpublicidad.mx\/wp-content\/uploads\/2023\/05\/caja-de-luz-para-cajeros-automaticos-1024x768-1.jpg 1024w, https:\/\/innovartpublicidad.mx\/wp-content\/uploads\/2023\/05\/caja-de-luz-para-cajeros-automaticos-1024x768-1-600x450.jpg 600w\" sizes=\"(max-width: 750px) 100vw, 750px\" \/><\/a>\n\t\t\t<\/dt><\/dl><br style=\"clear: both\" \/><dl class='gallery-item'>\n\t\t\t<dt class='gallery-icon landscape'>\n\t\t\t\t<a data-elementor-open-lightbox=\"yes\" data-elementor-lightbox-slideshow=\"8f9b638\" data-elementor-lightbox-title=\"7-LETRAS-3D\" data-e-action-hash=\"#elementor-action%3Aaction%3Dlightbox%26settings%3DeyJpZCI6MTA1NCwidXJsIjoiaHR0cHM6XC9cL2lubm92YXJ0cHVibGljaWRhZC5teFwvd3AtY29udGVudFwvdXBsb2Fkc1wvMjAyM1wvMDVcLzctTEVUUkFTLTNELmpwZyIsInNsaWRlc2hvdyI6IjhmOWI2MzgifQ%3D%3D\" href='https:\/\/innovartpublicidad.mx\/wp-content\/uploads\/2023\/05\/7-LETRAS-3D.jpg'><img decoding=\"async\" width=\"750\" height=\"659\" src=\"https:\/\/innovartpublicidad.mx\/wp-content\/uploads\/2023\/05\/7-LETRAS-3D-1024x900.jpg\" class=\"attachment-large size-large\" alt=\"\" \/><\/a>\n\t\t\t<\/dt><\/dl><dl class='gallery-item'>\n\t\t\t<dt class='gallery-icon landscape'>\n\t\t\t\t<a data-elementor-open-lightbox=\"yes\" data-elementor-lightbox-slideshow=\"8f9b638\" data-elementor-lightbox-title=\"avisos-publicitarios-con-caja-luminosa\" data-e-action-hash=\"#elementor-action%3Aaction%3Dlightbox%26settings%3DeyJpZCI6MTA1MiwidXJsIjoiaHR0cHM6XC9cL2lubm92YXJ0cHVibGljaWRhZC5teFwvd3AtY29udGVudFwvdXBsb2Fkc1wvMjAyM1wvMDVcL2F2aXNvcy1wdWJsaWNpdGFyaW9zLWNvbi1jYWphLWx1bWlub3NhLmpwZyIsInNsaWRlc2hvdyI6IjhmOWI2MzgifQ%3D%3D\" href='https:\/\/innovartpublicidad.mx\/wp-content\/uploads\/2023\/05\/avisos-publicitarios-con-caja-luminosa.jpg'><img loading=\"lazy\" decoding=\"async\" width=\"500\" height=\"281\" src=\"https:\/\/innovartpublicidad.mx\/wp-content\/uploads\/2023\/05\/avisos-publicitarios-con-caja-luminosa.jpg\" class=\"attachment-large size-large\" alt=\"\" \/><\/a>\n\t\t\t<\/dt><\/dl><br style=\"clear: both\" \/><dl class='gallery-item'>\n\t\t\t<dt class='gallery-icon landscape'>\n\t\t\t\t<a data-elementor-open-lightbox=\"yes\" data-elementor-lightbox-slideshow=\"8f9b638\" data-elementor-lightbox-title=\"3d-sign-stainles-steel\" data-e-action-hash=\"#elementor-action%3Aaction%3Dlightbox%26settings%3DeyJpZCI6MTA1NSwidXJsIjoiaHR0cHM6XC9cL2lubm92YXJ0cHVibGljaWRhZC5teFwvd3AtY29udGVudFwvdXBsb2Fkc1wvMjAyM1wvMDVcLzNkLXNpZ24tc3RhaW5sZXMtc3RlZWwuanBnIiwic2xpZGVzaG93IjoiOGY5YjYzOCJ9\" href='https:\/\/innovartpublicidad.mx\/wp-content\/uploads\/2023\/05\/3d-sign-stainles-steel.jpg'><img loading=\"lazy\" decoding=\"async\" width=\"750\" height=\"750\" src=\"https:\/\/innovartpublicidad.mx\/wp-content\/uploads\/2023\/05\/3d-sign-stainles-steel.jpg\" class=\"attachment-large size-large\" alt=\"\" srcset=\"https:\/\/innovartpublicidad.mx\/wp-content\/uploads\/2023\/05\/3d-sign-stainles-steel.jpg 1000w, https:\/\/innovartpublicidad.mx\/wp-content\/uploads\/2023\/05\/3d-sign-stainles-steel-300x300.jpg 300w, https:\/\/innovartpublicidad.mx\/wp-content\/uploads\/2023\/05\/3d-sign-stainles-steel-150x150.jpg 150w, https:\/\/innovartpublicidad.mx\/wp-content\/uploads\/2023\/05\/3d-sign-stainles-steel-768x768.jpg 768w, https:\/\/innovartpublicidad.mx\/wp-content\/uploads\/2023\/05\/3d-sign-stainles-steel-600x600.jpg 600w, https:\/\/innovartpublicidad.mx\/wp-content\/uploads\/2023\/05\/3d-sign-stainles-steel-800x800.jpg 800w\" sizes=\"(max-width: 750px) 100vw, 750px\" \/><\/a>\n\t\t\t<\/dt><\/dl><dl class='gallery-item'>\n\t\t\t<dt class='gallery-icon landscape'>\n\t\t\t\t<a data-elementor-open-lightbox=\"yes\" data-elementor-lightbox-slideshow=\"8f9b638\" data-elementor-lightbox-title=\"fabricacion-de-letras-3D-en-monterrey-4\" data-e-action-hash=\"#elementor-action%3Aaction%3Dlightbox%26settings%3DeyJpZCI6MTA1NiwidXJsIjoiaHR0cHM6XC9cL2lubm92YXJ0cHVibGljaWRhZC5teFwvd3AtY29udGVudFwvdXBsb2Fkc1wvMjAyM1wvMDVcL2ZhYnJpY2FjaW9uLWRlLWxldHJhcy0zRC1lbi1tb250ZXJyZXktNC5qcGciLCJzbGlkZXNob3ciOiI4ZjliNjM4In0%3D\" href='https:\/\/innovartpublicidad.mx\/wp-content\/uploads\/2023\/05\/fabricacion-de-letras-3D-en-monterrey-4.jpg'><img loading=\"lazy\" decoding=\"async\" width=\"750\" height=\"563\" src=\"https:\/\/innovartpublicidad.mx\/wp-content\/uploads\/2023\/05\/fabricacion-de-letras-3D-en-monterrey-4.jpg\" class=\"attachment-large size-large\" alt=\"\" srcset=\"https:\/\/innovartpublicidad.mx\/wp-content\/uploads\/2023\/05\/fabricacion-de-letras-3D-en-monterrey-4.jpg 800w, https:\/\/innovartpublicidad.mx\/wp-content\/uploads\/2023\/05\/fabricacion-de-letras-3D-en-monterrey-4-600x450.jpg 600w\" sizes=\"(max-width: 750px) 100vw, 750px\" \/><\/a>\n\t\t\t<\/dt><\/dl><br style=\"clear: both\" \/>\n\t\t<\/div>\n\t\t<\/div>\n\t\t\t\t\t\t<\/div>\n\t\t\t\t<\/div>\n\t\t\t\t\t<\/div>\n\t\t<\/div>\n\t\t\t\t\t<\/div>\n\t\t<\/section>\n\t\t\t\t<section class=\"elementor-section elementor-top-section elementor-element elementor-element-c4c9536 elementor-section-boxed elementor-section-height-default elementor-section-height-default\" data-id=\"c4c9536\" data-element_type=\"section\" data-e-type=\"section\">\n\t\t\t\t\t\t<div class=\"elementor-container elementor-column-gap-default\">\n\t\t\t\t\t<div class=\"elementor-column elementor-col-100 elementor-top-column elementor-element elementor-element-fdd98cc\" data-id=\"fdd98cc\" data-element_type=\"column\" data-e-type=\"column\">\n\t\t\t<div class=\"elementor-widget-wrap elementor-element-populated\">\n\t\t\t\t\t\t<div class=\"elementor-element elementor-element-54bbb31 elementor-widget elementor-widget-spacer\" data-id=\"54bbb31\" data-element_type=\"widget\" data-e-type=\"widget\" data-widget_type=\"spacer.default\">\n\t\t\t\t<div class=\"elementor-widget-container\">\n\t\t\t\t\t\t\t<div class=\"elementor-spacer\">\n\t\t\t<div class=\"elementor-spacer-inner\"><\/div>\n\t\t<\/div>\n\t\t\t\t\t\t<\/div>\n\t\t\t\t<\/div>\n\t\t\t\t\t<\/div>\n\t\t<\/div>\n\t\t\t\t\t<\/div>\n\t\t<\/section>\n\t\t\t\t<\/div>\n\t\t","protected":false},"excerpt":{"rendered":"<p>\u00a1Anuncia tu negocio y lo que vendes! Los letreros luminosos son propios de las fachadas de establecimientos, si bien tambi\u00e9n se encuentran en su interior promocionando sus productos o servicios. Estos pueden ser creados en acr\u00edlico, aluminio, MDF o PVC. Por tener el mismo principio, tambi\u00e9n se pueden considerar carteles [&hellip;]<\/p>\n","protected":false},"author":1,"featured_media":0,"parent":0,"menu_order":0,"comment_status":"closed","ping_status":"closed","template":"","meta":{"om_disable_all_campaigns":false,"_monsterinsights_skip_tracking":false,"_monsterinsights_sitenote_active":false,"_monsterinsights_sitenote_note":"","_monsterinsights_sitenote_category":0,"_themeisle_gutenberg_block_has_review":false,"_joinchat":[],"footnotes":""},"class_list":["post-572","page","type-page","status-publish","hentry"],"aioseo_notices":[],"featured_media_urls":[],"_links":{"self":[{"href":"https:\/\/innovartpublicidad.mx\/index.php\/wp-json\/wp\/v2\/pages\/572","targetHints":{"allow":["GET"]}}],"collection":[{"href":"https:\/\/innovartpublicidad.mx\/index.php\/wp-json\/wp\/v2\/pages"}],"about":[{"href":"https:\/\/innovartpublicidad.mx\/index.php\/wp-json\/wp\/v2\/types\/page"}],"author":[{"embeddable":true,"href":"https:\/\/innovartpublicidad.mx\/index.php\/wp-json\/wp\/v2\/users\/1"}],"replies":[{"embeddable":true,"href":"https:\/\/innovartpublicidad.mx\/index.php\/wp-json\/wp\/v2\/comments?post=572"}],"version-history":[{"count":29,"href":"https:\/\/innovartpublicidad.mx\/index.php\/wp-json\/wp\/v2\/pages\/572\/revisions"}],"predecessor-version":[{"id":1115,"href":"https:\/\/innovartpublicidad.mx\/index.php\/wp-json\/wp\/v2\/pages\/572\/revisions\/1115"}],"wp:attachment":[{"href":"https:\/\/innovartpublicidad.mx\/index.php\/wp-json\/wp\/v2\/media?parent=572"}],"curies":[{"name":"wp","href":"https:\/\/api.w.org\/{rel}","templated":true}]}}