{"id":578,"date":"2023-04-12T04:29:56","date_gmt":"2023-04-12T04:29:56","guid":{"rendered":"https:\/\/innovartpublicidad.mx\/?page_id=578"},"modified":"2023-04-19T21:03:44","modified_gmt":"2023-04-19T21:03:44","slug":"alta-calidad","status":"publish","type":"page","link":"https:\/\/innovartpublicidad.mx\/index.php\/alta-calidad\/","title":{"rendered":"IMPRESION ALTA CALIDAD"},"content":{"rendered":"<h2>\u00a1Impresi\u00f3n de alta calidad para tus trabajos!<\/h2>\n<p>La impresi\u00f3n en alta calidad <b>es aquella que se realiza con plotters de inyecci\u00f3n de tinta con gotas tan peque\u00f1as que permiten que se formen im\u00e1genes de excelente calidad<\/b>, las cuales aparentan ser fotograf\u00edas sobre diferentes materiales.<\/p>\n<p>En innovart publicidad te podemos imprimir con alta calidad los siguientes productos:<\/p>\n<p>Lona blanca brillante, Lona translucida, lona mate, lona mesh, lona reflejante.<\/p>\n<p><img fetchpriority=\"high\" decoding=\"async\" src=\"http:\/\/innovartpublicidad.mx\/wp-content\/uploads\/2023\/04\/impresion-vinilo-design-plott.png\" sizes=\"100vw\" srcset=\"https:\/\/innovartpublicidad.mx\/wp-content\/uploads\/2023\/04\/impresion-vinilo-design-plott.png 800w, https:\/\/innovartpublicidad.mx\/wp-content\/uploads\/2023\/04\/impresion-vinilo-design-plott-600x317.png 600w\" alt=\"\" width=\"800\" height=\"423\" \/><\/p>\n<style>\/*! elementor - v3.12.1 - 02-04-2023 *\/<br \/>\n.elementor-column .elementor-spacer-inner{height:var(--spacer-size)}.e-con{--container-widget-width:100%}.e-con-inner>.elementor-widget-spacer,.e-con>.elementor-widget-spacer{width:var(--container-widget-width,var(--spacer-size));--align-self:var(--container-widget-align-self,initial);--flex-shrink:0}.e-con-inner>.elementor-widget-spacer>.elementor-widget-container,.e-con-inner>.elementor-widget-spacer>.elementor-widget-container>.elementor-spacer,.e-con>.elementor-widget-spacer>.elementor-widget-container,.e-con>.elementor-widget-spacer>.elementor-widget-container>.elementor-spacer{height:100%}.e-con-inner>.elementor-widget-spacer>.elementor-widget-container>.elementor-spacer>.elementor-spacer-inner,.e-con>.elementor-widget-spacer>.elementor-widget-container>.elementor-spacer>.elementor-spacer-inner{height:var(--container-widget-height,var(--spacer-size))}<\/style>\n","protected":false},"excerpt":{"rendered":"<p>\u00a1Impresi\u00f3n de alta calidad para tus trabajos! La impresi\u00f3n en alta calidad es aquella que se realiza con plotters de inyecci\u00f3n de tinta con gotas tan peque\u00f1as que permiten que se formen im\u00e1genes de excelente calidad, las cuales aparentan ser fotograf\u00edas sobre diferentes materiales. En innovart publicidad te podemos imprimir [&hellip;]<\/p>\n","protected":false},"author":1,"featured_media":0,"parent":0,"menu_order":0,"comment_status":"closed","ping_status":"closed","template":"","meta":{"om_disable_all_campaigns":false,"_monsterinsights_skip_tracking":false,"_monsterinsights_sitenote_active":false,"_monsterinsights_sitenote_note":"","_monsterinsights_sitenote_category":0,"_themeisle_gutenberg_block_has_review":false,"_joinchat":[],"footnotes":""},"class_list":["post-578","page","type-page","status-publish","hentry"],"aioseo_notices":[],"featured_media_urls":[],"_links":{"self":[{"href":"https:\/\/innovartpublicidad.mx\/index.php\/wp-json\/wp\/v2\/pages\/578","targetHints":{"allow":["GET"]}}],"collection":[{"href":"https:\/\/innovartpublicidad.mx\/index.php\/wp-json\/wp\/v2\/pages"}],"about":[{"href":"https:\/\/innovartpublicidad.mx\/index.php\/wp-json\/wp\/v2\/types\/page"}],"author":[{"embeddable":true,"href":"https:\/\/innovartpublicidad.mx\/index.php\/wp-json\/wp\/v2\/users\/1"}],"replies":[{"embeddable":true,"href":"https:\/\/innovartpublicidad.mx\/index.php\/wp-json\/wp\/v2\/comments?post=578"}],"version-history":[{"count":65,"href":"https:\/\/innovartpublicidad.mx\/index.php\/wp-json\/wp\/v2\/pages\/578\/revisions"}],"predecessor-version":[{"id":862,"href":"https:\/\/innovartpublicidad.mx\/index.php\/wp-json\/wp\/v2\/pages\/578\/revisions\/862"}],"wp:attachment":[{"href":"https:\/\/innovartpublicidad.mx\/index.php\/wp-json\/wp\/v2\/media?parent=578"}],"curies":[{"name":"wp","href":"https:\/\/api.w.org\/{rel}","templated":true}]}}