{"id":897,"date":"2023-04-20T01:52:12","date_gmt":"2023-04-20T01:52:12","guid":{"rendered":"https:\/\/innovartpublicidad.mx\/?page_id=897"},"modified":"2023-05-12T04:14:02","modified_gmt":"2023-05-12T04:14:02","slug":"bordado","status":"publish","type":"page","link":"https:\/\/innovartpublicidad.mx\/index.php\/bordado\/","title":{"rendered":"Bordado"},"content":{"rendered":"\t\t<div data-elementor-type=\"wp-page\" data-elementor-id=\"897\" class=\"elementor elementor-897\">\n\t\t\t\t\t\t<section class=\"elementor-section elementor-top-section elementor-element elementor-element-808a2ca elementor-section-boxed elementor-section-height-default elementor-section-height-default\" data-id=\"808a2ca\" data-element_type=\"section\" data-e-type=\"section\">\n\t\t\t\t\t\t<div class=\"elementor-container elementor-column-gap-default\">\n\t\t\t\t\t<div class=\"elementor-column elementor-col-100 elementor-top-column elementor-element elementor-element-5163e00\" data-id=\"5163e00\" data-element_type=\"column\" data-e-type=\"column\">\n\t\t\t<div class=\"elementor-widget-wrap elementor-element-populated\">\n\t\t\t\t\t\t<div class=\"elementor-element elementor-element-6e3cf27 elementor-widget elementor-widget-text-editor\" data-id=\"6e3cf27\" data-element_type=\"widget\" data-e-type=\"widget\" data-widget_type=\"text-editor.default\">\n\t\t\t\t<div class=\"elementor-widget-container\">\n\t\t\t\t\t\t\t\t\t<p class=\"wnd-align-left\">Servicio de bordado en uniforme empresarial e industrial. Bordado de logotipo de empresa, contamos con servicio de personalizaci\u00f3n de uniformes con nombres bordados.<\/p><p class=\"wnd-align-left\">-Las playeras y gorras personalizadas son actualmente una herramienta de promoci\u00f3n cada vez m\u00e1s utilizada.<\/p><div class=\"wnd-align-left\">-El bordado crea valor a todo tipo de prendas textiles, logrando una imagen de calidad y exclusividad.<\/div>\t\t\t\t\t\t\t\t<\/div>\n\t\t\t\t<\/div>\n\t\t\t\t\t<\/div>\n\t\t<\/div>\n\t\t\t\t\t<\/div>\n\t\t<\/section>\n\t\t\t\t<section class=\"elementor-section elementor-top-section elementor-element elementor-element-a8e7e30 elementor-section-boxed elementor-section-height-default elementor-section-height-default\" data-id=\"a8e7e30\" data-element_type=\"section\" data-e-type=\"section\">\n\t\t\t\t\t\t<div class=\"elementor-container elementor-column-gap-default\">\n\t\t\t\t\t<div class=\"elementor-column elementor-col-100 elementor-top-column elementor-element elementor-element-932a65a\" data-id=\"932a65a\" data-element_type=\"column\" data-e-type=\"column\">\n\t\t\t<div class=\"elementor-widget-wrap elementor-element-populated\">\n\t\t\t\t\t\t<div class=\"elementor-element elementor-element-cd87b7b elementor-widget elementor-widget-image\" data-id=\"cd87b7b\" data-element_type=\"widget\" data-e-type=\"widget\" data-widget_type=\"image.default\">\n\t\t\t\t<div class=\"elementor-widget-container\">\n\t\t\t\t\t\t\t\t\t\t\t\t\t\t\t<img fetchpriority=\"high\" decoding=\"async\" width=\"750\" height=\"750\" src=\"https:\/\/innovartpublicidad.mx\/wp-content\/uploads\/2023\/05\/bordadooverol-1024x1024.jpg\" class=\"attachment-large size-large wp-image-945\" alt=\"\" srcset=\"https:\/\/innovartpublicidad.mx\/wp-content\/uploads\/2023\/05\/bordadooverol-1024x1024.jpg 1024w, https:\/\/innovartpublicidad.mx\/wp-content\/uploads\/2023\/05\/bordadooverol-300x300.jpg 300w, https:\/\/innovartpublicidad.mx\/wp-content\/uploads\/2023\/05\/bordadooverol-150x150.jpg 150w, https:\/\/innovartpublicidad.mx\/wp-content\/uploads\/2023\/05\/bordadooverol-768x768.jpg 768w, https:\/\/innovartpublicidad.mx\/wp-content\/uploads\/2023\/05\/bordadooverol-800x800.jpg 800w\" sizes=\"(max-width: 750px) 100vw, 750px\" \/>\t\t\t\t\t\t\t\t\t\t\t\t\t\t\t<\/div>\n\t\t\t\t<\/div>\n\t\t\t\t\t<\/div>\n\t\t<\/div>\n\t\t\t\t\t<\/div>\n\t\t<\/section>\n\t\t\t\t<\/div>\n\t\t","protected":false},"excerpt":{"rendered":"<p>Servicio de bordado en uniforme empresarial e industrial. Bordado de logotipo de empresa, contamos con servicio de personalizaci\u00f3n de uniformes con nombres bordados. -Las playeras y gorras personalizadas son actualmente una herramienta de promoci\u00f3n cada vez m\u00e1s utilizada. -El bordado crea valor a todo tipo de prendas textiles, logrando una [&hellip;]<\/p>\n","protected":false},"author":1,"featured_media":0,"parent":0,"menu_order":0,"comment_status":"closed","ping_status":"closed","template":"","meta":{"om_disable_all_campaigns":false,"_monsterinsights_skip_tracking":false,"_monsterinsights_sitenote_active":false,"_monsterinsights_sitenote_note":"","_monsterinsights_sitenote_category":0,"_themeisle_gutenberg_block_has_review":false,"_joinchat":[],"footnotes":""},"class_list":["post-897","page","type-page","status-publish","hentry"],"aioseo_notices":[],"featured_media_urls":[],"_links":{"self":[{"href":"https:\/\/innovartpublicidad.mx\/index.php\/wp-json\/wp\/v2\/pages\/897","targetHints":{"allow":["GET"]}}],"collection":[{"href":"https:\/\/innovartpublicidad.mx\/index.php\/wp-json\/wp\/v2\/pages"}],"about":[{"href":"https:\/\/innovartpublicidad.mx\/index.php\/wp-json\/wp\/v2\/types\/page"}],"author":[{"embeddable":true,"href":"https:\/\/innovartpublicidad.mx\/index.php\/wp-json\/wp\/v2\/users\/1"}],"replies":[{"embeddable":true,"href":"https:\/\/innovartpublicidad.mx\/index.php\/wp-json\/wp\/v2\/comments?post=897"}],"version-history":[{"count":8,"href":"https:\/\/innovartpublicidad.mx\/index.php\/wp-json\/wp\/v2\/pages\/897\/revisions"}],"predecessor-version":[{"id":952,"href":"https:\/\/innovartpublicidad.mx\/index.php\/wp-json\/wp\/v2\/pages\/897\/revisions\/952"}],"wp:attachment":[{"href":"https:\/\/innovartpublicidad.mx\/index.php\/wp-json\/wp\/v2\/media?parent=897"}],"curies":[{"name":"wp","href":"https:\/\/api.w.org\/{rel}","templated":true}]}}