{"id":899,"date":"2023-04-20T01:52:38","date_gmt":"2023-04-20T01:52:38","guid":{"rendered":"https:\/\/innovartpublicidad.mx\/?page_id=899"},"modified":"2023-05-12T04:23:33","modified_gmt":"2023-05-12T04:23:33","slug":"serigrafia","status":"publish","type":"page","link":"https:\/\/innovartpublicidad.mx\/index.php\/serigrafia\/","title":{"rendered":"Serigrafia"},"content":{"rendered":"\t\t<div data-elementor-type=\"wp-page\" data-elementor-id=\"899\" class=\"elementor elementor-899\">\n\t\t\t\t\t\t<section class=\"elementor-section elementor-top-section elementor-element elementor-element-d296fb9 elementor-section-boxed elementor-section-height-default elementor-section-height-default\" data-id=\"d296fb9\" data-element_type=\"section\" data-e-type=\"section\">\n\t\t\t\t\t\t<div class=\"elementor-container elementor-column-gap-default\">\n\t\t\t\t\t<div class=\"elementor-column elementor-col-50 elementor-top-column elementor-element elementor-element-04b4a02\" data-id=\"04b4a02\" data-element_type=\"column\" data-e-type=\"column\">\n\t\t\t<div class=\"elementor-widget-wrap elementor-element-populated\">\n\t\t\t\t\t\t<div class=\"elementor-element elementor-element-56a1722 elementor-widget elementor-widget-text-editor\" data-id=\"56a1722\" data-element_type=\"widget\" data-e-type=\"widget\" data-widget_type=\"text-editor.default\">\n\t\t\t\t<div class=\"elementor-widget-container\">\n\t\t\t\t\t\t\t\t\t<p>\u00a0<\/p><p>La serigraf\u00eda es una t\u00e9cnica de impresi\u00f3n en el m\u00e9todo de reproducci\u00f3n de documentos e im\u00e1genes sobre cualquier material, y consiste en transferir una tinta a trav\u00e9s de una malla tensada en un marco. El paso de la tinta se bloquea en las \u00e1reas donde no habr\u00e1 imagen mediante una emulsi\u00f3n o barniz, quedando libre la zona donde pasar\u00e1 la tinta.<\/p>\t\t\t\t\t\t\t\t<\/div>\n\t\t\t\t<\/div>\n\t\t\t\t\t<\/div>\n\t\t<\/div>\n\t\t\t\t<div class=\"elementor-column elementor-col-50 elementor-top-column elementor-element elementor-element-9a6a2da\" data-id=\"9a6a2da\" data-element_type=\"column\" data-e-type=\"column\">\n\t\t\t<div class=\"elementor-widget-wrap elementor-element-populated\">\n\t\t\t\t\t\t<div class=\"elementor-element elementor-element-22a2523 elementor-widget__width-initial elementor-widget elementor-widget-image\" data-id=\"22a2523\" data-element_type=\"widget\" data-e-type=\"widget\" data-widget_type=\"image.default\">\n\t\t\t\t<div class=\"elementor-widget-container\">\n\t\t\t\t\t\t\t\t\t\t\t\t<figure class=\"wp-caption\">\n\t\t\t\t\t\t\t\t\t\t<img fetchpriority=\"high\" decoding=\"async\" width=\"750\" height=\"374\" src=\"https:\/\/innovartpublicidad.mx\/wp-content\/uploads\/2023\/05\/ventajas_serigrafia_1024x1024.webp\" class=\"attachment-large size-large wp-image-957\" alt=\"\" srcset=\"https:\/\/innovartpublicidad.mx\/wp-content\/uploads\/2023\/05\/ventajas_serigrafia_1024x1024.webp 1024w, https:\/\/innovartpublicidad.mx\/wp-content\/uploads\/2023\/05\/ventajas_serigrafia_1024x1024-600x299.webp 600w\" sizes=\"(max-width: 750px) 100vw, 750px\" \/>\t\t\t\t\t\t\t\t\t\t\t<figcaption class=\"widget-image-caption wp-caption-text\">Trabajo 100% personalizado<\/figcaption>\n\t\t\t\t\t\t\t\t\t\t<\/figure>\n\t\t\t\t\t\t\t\t\t<\/div>\n\t\t\t\t<\/div>\n\t\t\t\t\t<\/div>\n\t\t<\/div>\n\t\t\t\t\t<\/div>\n\t\t<\/section>\n\t\t\t\t<\/div>\n\t\t","protected":false},"excerpt":{"rendered":"<p>\u00a0 La serigraf\u00eda es una t\u00e9cnica de impresi\u00f3n en el m\u00e9todo de reproducci\u00f3n de documentos e im\u00e1genes sobre cualquier material, y consiste en transferir una tinta a trav\u00e9s de una malla tensada en un marco. El paso de la tinta se bloquea en las \u00e1reas donde no habr\u00e1 imagen mediante [&hellip;]<\/p>\n","protected":false},"author":1,"featured_media":0,"parent":0,"menu_order":0,"comment_status":"closed","ping_status":"closed","template":"","meta":{"om_disable_all_campaigns":false,"_monsterinsights_skip_tracking":false,"_monsterinsights_sitenote_active":false,"_monsterinsights_sitenote_note":"","_monsterinsights_sitenote_category":0,"_themeisle_gutenberg_block_has_review":false,"_joinchat":[],"footnotes":""},"class_list":["post-899","page","type-page","status-publish","hentry"],"aioseo_notices":[],"featured_media_urls":[],"_links":{"self":[{"href":"https:\/\/innovartpublicidad.mx\/index.php\/wp-json\/wp\/v2\/pages\/899","targetHints":{"allow":["GET"]}}],"collection":[{"href":"https:\/\/innovartpublicidad.mx\/index.php\/wp-json\/wp\/v2\/pages"}],"about":[{"href":"https:\/\/innovartpublicidad.mx\/index.php\/wp-json\/wp\/v2\/types\/page"}],"author":[{"embeddable":true,"href":"https:\/\/innovartpublicidad.mx\/index.php\/wp-json\/wp\/v2\/users\/1"}],"replies":[{"embeddable":true,"href":"https:\/\/innovartpublicidad.mx\/index.php\/wp-json\/wp\/v2\/comments?post=899"}],"version-history":[{"count":10,"href":"https:\/\/innovartpublicidad.mx\/index.php\/wp-json\/wp\/v2\/pages\/899\/revisions"}],"predecessor-version":[{"id":963,"href":"https:\/\/innovartpublicidad.mx\/index.php\/wp-json\/wp\/v2\/pages\/899\/revisions\/963"}],"wp:attachment":[{"href":"https:\/\/innovartpublicidad.mx\/index.php\/wp-json\/wp\/v2\/media?parent=899"}],"curies":[{"name":"wp","href":"https:\/\/api.w.org\/{rel}","templated":true}]}}